{"id":735,"date":"2016-12-27T15:48:46","date_gmt":"2016-12-27T14:48:46","guid":{"rendered":"https:\/\/www.easyclix.fr\/?page_id=735\/"},"modified":"2017-01-23T17:16:19","modified_gmt":"2017-01-23T16:16:19","slug":"bienvenida","status":"publish","type":"page","link":"https:\/\/www.easyclix.fr\/es\/bienvenida\/","title":{"rendered":"Bienvenida"},"content":{"rendered":"<div class=\"wpb-content-wrapper\"><p>[vc_row][vc_column][vc_column_text]<\/p>\n<h1 style=\"text-align: center;\">Easyclix, Asistencia Inform\u00e1tica en valle de Chamonix<\/h1>\n<p style=\"text-align: center;\">Bienvenido a la nueva p\u00e1gina web Easyclix 2017 !<\/p>\n<p style=\"text-align: center;\"><img loading=\"lazy\" decoding=\"async\" class=\"alignnone wp-image-583\" src=\"https:\/\/www.easyclix.fr\/wp-content\/uploads\/2016\/11\/depannage-pc-windows-chamonix.png\" alt=\"depannage-pc-windows-chamonix\" width=\"62\" height=\"62\" srcset=\"https:\/\/www.easyclix.fr\/wp-content\/uploads\/2016\/11\/depannage-pc-windows-chamonix.png 128w, https:\/\/www.easyclix.fr\/wp-content\/uploads\/2016\/11\/depannage-pc-windows-chamonix-100x100.png 100w\" sizes=\"auto, (max-width: 62px) 100vw, 62px\" \/>\u00a0\u00a0 <img loading=\"lazy\" decoding=\"async\" class=\"alignnone wp-image-580\" src=\"https:\/\/www.easyclix.fr\/wp-content\/uploads\/2016\/11\/depannage-linux-chamonix-sallanches-megeve.png\" alt=\"depannage-linux-chamonix-sallanches-megeve\" width=\"62\" height=\"62\" srcset=\"https:\/\/www.easyclix.fr\/wp-content\/uploads\/2016\/11\/depannage-linux-chamonix-sallanches-megeve.png 128w, https:\/\/www.easyclix.fr\/wp-content\/uploads\/2016\/11\/depannage-linux-chamonix-sallanches-megeve-100x100.png 100w\" sizes=\"auto, (max-width: 62px) 100vw, 62px\" \/><img loading=\"lazy\" decoding=\"async\" class=\"alignnone wp-image-582\" src=\"https:\/\/www.easyclix.fr\/wp-content\/uploads\/2016\/11\/depannage-mac-apple-chamonix-sallanches-megeve.jpg\" alt=\"depannage-mac-apple-chamonix-sallanches-megeve\" width=\"71\" height=\"71\" srcset=\"https:\/\/www.easyclix.fr\/wp-content\/uploads\/2016\/11\/depannage-mac-apple-chamonix-sallanches-megeve.jpg 256w, https:\/\/www.easyclix.fr\/wp-content\/uploads\/2016\/11\/depannage-mac-apple-chamonix-sallanches-megeve-100x100.jpg 100w, https:\/\/www.easyclix.fr\/wp-content\/uploads\/2016\/11\/depannage-mac-apple-chamonix-sallanches-megeve-150x150.jpg 150w, https:\/\/www.easyclix.fr\/wp-content\/uploads\/2016\/11\/depannage-mac-apple-chamonix-sallanches-megeve-250x250.jpg 250w\" sizes=\"auto, (max-width: 71px) 100vw, 71px\" \/> <img loading=\"lazy\" decoding=\"async\" class=\"alignnone wp-image-581\" src=\"https:\/\/www.easyclix.fr\/wp-content\/uploads\/2016\/11\/depannage-linux-sur-mac-chamonix-sallanches-megeve.png\" alt=\"depannage-linux-sur-mac-chamonix-sallanches-megeve\" width=\"67\" height=\"67\" srcset=\"https:\/\/www.easyclix.fr\/wp-content\/uploads\/2016\/11\/depannage-linux-sur-mac-chamonix-sallanches-megeve.png 256w, https:\/\/www.easyclix.fr\/wp-content\/uploads\/2016\/11\/depannage-linux-sur-mac-chamonix-sallanches-megeve-100x100.png 100w, https:\/\/www.easyclix.fr\/wp-content\/uploads\/2016\/11\/depannage-linux-sur-mac-chamonix-sallanches-megeve-150x150.png 150w, https:\/\/www.easyclix.fr\/wp-content\/uploads\/2016\/11\/depannage-linux-sur-mac-chamonix-sallanches-megeve-250x250.png 250w\" sizes=\"auto, (max-width: 67px) 100vw, 67px\" \/>\u00a0\u00a0 <img loading=\"lazy\" decoding=\"async\" class=\"alignnone wp-image-584\" src=\"https:\/\/www.easyclix.fr\/wp-content\/uploads\/2016\/11\/depannage-windows-sur-mac-chamonix-sallanches-megeve.png\" alt=\"depannage-windows-sur-mac-chamonix-sallanches-megeve\" width=\"70\" height=\"70\" srcset=\"https:\/\/www.easyclix.fr\/wp-content\/uploads\/2016\/11\/depannage-windows-sur-mac-chamonix-sallanches-megeve.png 256w, https:\/\/www.easyclix.fr\/wp-content\/uploads\/2016\/11\/depannage-windows-sur-mac-chamonix-sallanches-megeve-100x100.png 100w, https:\/\/www.easyclix.fr\/wp-content\/uploads\/2016\/11\/depannage-windows-sur-mac-chamonix-sallanches-megeve-150x150.png 150w, https:\/\/www.easyclix.fr\/wp-content\/uploads\/2016\/11\/depannage-windows-sur-mac-chamonix-sallanches-megeve-250x250.png 250w\" sizes=\"auto, (max-width: 70px) 100vw, 70px\" \/>\u00a0<img loading=\"lazy\" decoding=\"async\" class=\"alignnone wp-image-611\" src=\"https:\/\/www.easyclix.fr\/wp-content\/uploads\/2016\/11\/depannage-xbmc-sur-mac-chamonix-sallanches-megeve-300x300.png\" alt=\"depannage-xbmc-sur-mac-chamonix-sallanches-megeve\" width=\"54\" height=\"54\" srcset=\"https:\/\/www.easyclix.fr\/wp-content\/uploads\/2016\/11\/depannage-xbmc-sur-mac-chamonix-sallanches-megeve-300x300.png 300w, https:\/\/www.easyclix.fr\/wp-content\/uploads\/2016\/11\/depannage-xbmc-sur-mac-chamonix-sallanches-megeve-100x100.png 100w, https:\/\/www.easyclix.fr\/wp-content\/uploads\/2016\/11\/depannage-xbmc-sur-mac-chamonix-sallanches-megeve-150x150.png 150w, https:\/\/www.easyclix.fr\/wp-content\/uploads\/2016\/11\/depannage-xbmc-sur-mac-chamonix-sallanches-megeve-250x250.png 250w, https:\/\/www.easyclix.fr\/wp-content\/uploads\/2016\/11\/depannage-xbmc-sur-mac-chamonix-sallanches-megeve.png 512w\" sizes=\"auto, (max-width: 54px) 100vw, 54px\" \/><\/p>\n<p>[\/vc_column_text][\/vc_column][\/vc_row][vc_row][vc_column][vc_empty_space][\/vc_column][\/vc_row][vc_row][vc_column][vc_column_text]<\/p>\n<h2 style=\"text-align: center;\">Easyclix, asistencia inform\u00e1tica en Chamonix, Meg\u00e8ve y Sallanches<\/h2>\n<p style=\"text-align: center;\">Easyclix proporciona en todo el \u00e1rea del valle de Chamonix (Sallanches, Passy, Servoz, Les Houches, Argenti\u00e8re, Vallorcine) asistencia inform\u00e1tica adaptada a cada tipo de problema y para todos los sistemas operativos.<\/p>\n<p style=\"text-align: center;\">Reparamos cualquier sistema operativo, ya sean los m\u00e1s habituales, como Windows XP, Windows Vista, Windows 7 (y ahora Windows 8, 8.1 o Windows 10), o menos frecuentes, como Mac OS o Linux, y sea cual sea el problema inform\u00e1tico que presente.<\/p>\n<p style=\"text-align: center;\">Ninguna aver\u00eda inform\u00e1tica se resiste a Easyclix y ya son m\u00e1s de 500 los ordenadores que hemos reparado en toda Francia.<\/p>\n<p>[\/vc_column_text][\/vc_column][\/vc_row][vc_row][vc_column][vc_empty_space][\/vc_column][\/vc_row][vc_row][vc_column][vc_column_text]<\/p>\n<h2 style=\"text-align: center;\">Reparaci\u00f3n de port\u00e1tiles y ordenadores de sobremesa<\/h2>\n<p style=\"text-align: center;\">En Easyclix podemos reparar cualquier tipo de aver\u00eda que pueda tener su ordenador, tanto del hardware como del software.<\/p>\n<p style=\"text-align: center;\">Solucionamos problemas de drivers, de funcionamiento lento del sistema operativo, o incluso aver\u00edas causadas por virus, spyware o troyanos.<\/p>\n<p style=\"text-align: center;\">Tambi\u00e9n reparamos impresoras, tanto de conexi\u00f3n por cable o USB como inal\u00e1mbricas, y reseteamos o actualizamos GPS.<\/p>\n<p style=\"text-align: center;\"><img loading=\"lazy\" decoding=\"async\" class=\"alignnone wp-image-1621 size-full\" src=\"https:\/\/www.easyclix.fr\/wp-content\/uploads\/2016\/11\/reparation-ordinateur-pc-sallanches-combloux-passy.jpg\" alt=\"reparation-ordinateur-pc-sallanches-combloux-passy\" width=\"500\" height=\"120\" srcset=\"https:\/\/www.easyclix.fr\/wp-content\/uploads\/2016\/11\/reparation-ordinateur-pc-sallanches-combloux-passy.jpg 500w, https:\/\/www.easyclix.fr\/wp-content\/uploads\/2016\/11\/reparation-ordinateur-pc-sallanches-combloux-passy-300x72.jpg 300w\" sizes=\"auto, (max-width: 500px) 100vw, 500px\" \/><\/p>\n<p>[\/vc_column_text][\/vc_column][\/vc_row][vc_row][vc_column][vc_empty_space][\/vc_column][\/vc_row][vc_row][vc_column][vc_column_text]<\/p>\n<h2 style=\"text-align: center;\">Servicios inform\u00e1ticos en Chamonix, Meg\u00e8ve y Sallanches<\/h2>\n<p style=\"text-align: center;\">Easyclix ofrece otros servicios inform\u00e1ticos, como la creaci\u00f3n de p\u00e1ginas web con posicionamiento, gesti\u00f3n de proyectos inform\u00e1ticos o asesoramiento.<\/p>\n<p style=\"text-align: center;\">Adem\u00e1s, colaboramos con otros desarrolladores y t\u00e9cnicos para la reparaci\u00f3n de Smartphones.<br \/>\nNo dude en ponerse en contacto con nosotros para informarse de nuestras otras prestaciones.<\/p>\n<p style=\"text-align: center;\">Easyclix se basa en soluciones de c\u00f3digo abierto y recomienda a los usuarios la instalaci\u00f3n de Linux.<\/p>\n<p style=\"text-align: center;\"><img loading=\"lazy\" decoding=\"async\" class=\"alignnone wp-image-1662 size-medium\" src=\"https:\/\/www.easyclix.fr\/wp-content\/uploads\/2016\/12\/installer-windows-sur-mac-sallanches-combloux-passy-300x256.jpg\" alt=\"installer-windows-sur-mac-sallanches-combloux-passy\" width=\"300\" height=\"256\" srcset=\"https:\/\/www.easyclix.fr\/wp-content\/uploads\/2016\/12\/installer-windows-sur-mac-sallanches-combloux-passy-300x256.jpg 300w, https:\/\/www.easyclix.fr\/wp-content\/uploads\/2016\/12\/installer-windows-sur-mac-sallanches-combloux-passy-600x512.jpg 600w, https:\/\/www.easyclix.fr\/wp-content\/uploads\/2016\/12\/installer-windows-sur-mac-sallanches-combloux-passy-768x656.jpg 768w, https:\/\/www.easyclix.fr\/wp-content\/uploads\/2016\/12\/installer-windows-sur-mac-sallanches-combloux-passy.jpg 800w\" sizes=\"auto, (max-width: 300px) 100vw, 300px\" \/><\/p>\n<p>[\/vc_column_text][\/vc_column][\/vc_row][vc_row][vc_column][vc_empty_space][\/vc_column][\/vc_row][vc_row][vc_column][vc_column_text]<\/p>\n<h2 style=\"text-align: center;\">Detras Easyclix : St\u00e9phane PLOVIER<\/h2>\n<blockquote>\n<p style=\"text-align: center;\">Representada por un nativo del valle de Chamonix-Mont-Blanc (St\u00e9phane PLOVIER), Easyclix es una compa\u00f1\u00eda de servicios inform\u00e1ticos creada el 1 de enero de 2011 en Lille, concretamente en el n\u00famero 679 de la avenida de la R\u00e9publique, donde hoy se asienta su sede social, que constituye el eje de la empresa.<\/p>\n<p style=\"text-align: center;\"><cite> \u00ab<span style=\"color: #0000ff;\">Rabaj\u00e9 en Lille durante a\u00f1o y medio. Esto me permiti\u00f3 desarrollar una fuerte red profesional en el departamento Norte a la vez que trabajaba con algunas empresas en la Alta Saboya (*). Pero siempre quise desarrollar este tipo de actividad en mi regi\u00f3n, ya que nac\u00ed en Les Houches, estudi\u00e9 en Chamonix y me diplom\u00e9 en Inform\u00e1tica en Annecy. Mi pasi\u00f3n por la inform\u00e1tica naci\u00f3 en Les Houches, junto a un amigo de Vaudagne, con el que pasaba los fines de semana desmontando e inspeccionado ordenadores desde los 16 hasta los 19 a\u00f1os.<\/span>\u00bb <\/cite><\/p>\n<\/blockquote>\n<p style=\"text-align: center;\">\u00a0<img loading=\"lazy\" decoding=\"async\" class=\"alignnone size-full wp-image-621\" style=\"border: solid 1px orange; border-radius: 15px;\" src=\"https:\/\/www.easyclix.fr\/wp-content\/uploads\/2016\/11\/stephane-plovier-easyclix.jpg\" alt=\"stephane-plovier-easyclix\" width=\"199\" height=\"199\" srcset=\"https:\/\/www.easyclix.fr\/wp-content\/uploads\/2016\/11\/stephane-plovier-easyclix.jpg 199w, https:\/\/www.easyclix.fr\/wp-content\/uploads\/2016\/11\/stephane-plovier-easyclix-100x100.jpg 100w, https:\/\/www.easyclix.fr\/wp-content\/uploads\/2016\/11\/stephane-plovier-easyclix-150x150.jpg 150w\" sizes=\"auto, (max-width: 199px) 100vw, 199px\" \/><\/p>\n<p style=\"text-align: center;\"><strong>St\u00e9phane PLOVIER<\/strong> &#8211; nacido en 1986 &#8211; <strong>Master 1 Informatique sp\u00e9. Conception des S.I.<\/strong><br \/>\nIUT INFO ANNECY (2008) y LICENCE &#8211; MASTER FLST LILLE (2009 &#8211; 2010)<br \/>\nPCIE (ECDL) en 2009 y las pruebas de ingreso para graduar las escuelas de negocios en 2008<\/p>\n<p style=\"text-align: center;\"><img loading=\"lazy\" decoding=\"async\" class=\"alignnone wp-image-623\" src=\"https:\/\/www.easyclix.fr\/wp-content\/uploads\/2016\/11\/logo-iut-annecy-300x151.png\" alt=\"logo-iut-annecy\" width=\"133\" height=\"67\" srcset=\"https:\/\/www.easyclix.fr\/wp-content\/uploads\/2016\/11\/logo-iut-annecy-300x151.png 300w, https:\/\/www.easyclix.fr\/wp-content\/uploads\/2016\/11\/logo-iut-annecy-600x302.png 600w, https:\/\/www.easyclix.fr\/wp-content\/uploads\/2016\/11\/logo-iut-annecy-768x386.png 768w, https:\/\/www.easyclix.fr\/wp-content\/uploads\/2016\/11\/logo-iut-annecy-1024x515.png 1024w, https:\/\/www.easyclix.fr\/wp-content\/uploads\/2016\/11\/logo-iut-annecy.png 1676w\" sizes=\"auto, (max-width: 133px) 100vw, 133px\" \/>\u00a0\u00a0\u00a0 <img loading=\"lazy\" decoding=\"async\" class=\"alignnone wp-image-622\" src=\"https:\/\/www.easyclix.fr\/wp-content\/uploads\/2016\/11\/logo-flst-lille.gif\" alt=\"logo-flst-lille\" width=\"127\" height=\"67\" \/>\u00a0\u00a0 <img loading=\"lazy\" decoding=\"async\" class=\"alignnone wp-image-629\" src=\"https:\/\/www.easyclix.fr\/wp-content\/uploads\/2016\/11\/logo-PCIE.png\" alt=\"logo-pcie\" width=\"234\" height=\"67\" \/><\/p>\n<p>[\/vc_column_text][\/vc_column][\/vc_row]<\/p>\n<\/div>","protected":false},"excerpt":{"rendered":"<p>[vc_row][vc_column][vc_column_text] Easyclix, Asistencia Inform\u00e1tica en valle de Chamonix Bienvenido a la nueva p\u00e1gina web Easyclix 2017 ! \u00a0\u00a0 \u00a0\u00a0 \u00a0 [\/vc_column_text][\/vc_column][\/vc_row][vc_row][vc_column][vc_empty_space][\/vc_column][\/vc_row][vc_row][vc_column][vc_column_text] Easyclix, asistencia inform\u00e1tica en Chamonix, Meg\u00e8ve y Sallanches Easyclix<\/p>\n","protected":false},"author":1,"featured_media":0,"parent":0,"menu_order":0,"comment_status":"closed","ping_status":"closed","template":"","meta":{"footnotes":""},"class_list":["post-735","page","type-page","status-publish","hentry"],"yoast_head":"<!-- This site is optimized with the Yoast SEO plugin v27.5 - https:\/\/yoast.com\/product\/yoast-seo-wordpress\/ -->\n<title>Inform\u00e1tica Chamonix, asistencia y servicios de Easyclix<\/title>\n<meta name=\"description\" content=\"Easyclix proporciona asistencia inform\u00e1tica en Chamonix Meg\u00e8ve y Sallanches. Nos esplazamos para la reparaci\u00f3n de ordenadores port\u00e1tiles (Windows, OSX, Linux)\" \/>\n<meta name=\"robots\" content=\"index, follow, max-snippet:-1, max-image-preview:large, max-video-preview:-1\" \/>\n<link rel=\"canonical\" href=\"https:\/\/www.easyclix.fr\/es\/bienvenida\/\" \/>\n<meta property=\"og:locale\" content=\"es_ES\" \/>\n<meta property=\"og:type\" content=\"article\" \/>\n<meta property=\"og:title\" content=\"Inform\u00e1tica Chamonix, asistencia y servicios de Easyclix\" \/>\n<meta property=\"og:description\" content=\"Easyclix proporciona asistencia inform\u00e1tica en Chamonix Meg\u00e8ve y Sallanches. Nos esplazamos para la reparaci\u00f3n de ordenadores port\u00e1tiles (Windows, OSX, Linux)\" \/>\n<meta property=\"og:url\" content=\"https:\/\/www.easyclix.fr\/es\/bienvenida\/\" \/>\n<meta property=\"og:site_name\" content=\"Easyclix\" \/>\n<meta property=\"article:publisher\" content=\"https:\/\/www.facebook.com\/eurl.easyclix\" \/>\n<meta property=\"article:modified_time\" content=\"2017-01-23T16:16:19+00:00\" \/>\n<meta property=\"og:image\" content=\"https:\/\/www.easyclix.fr\/wp-content\/uploads\/2016\/11\/depannage-pc-windows-chamonix.png\" \/>\n<meta name=\"twitter:card\" content=\"summary_large_image\" \/>\n<meta name=\"twitter:label1\" content=\"Tiempo de lectura\" \/>\n\t<meta name=\"twitter:data1\" content=\"3 minutos\" \/>\n<script type=\"application\/ld+json\" class=\"yoast-schema-graph\">{\"@context\":\"https:\\\/\\\/schema.org\",\"@graph\":[{\"@type\":\"WebPage\",\"@id\":\"https:\\\/\\\/www.easyclix.fr\\\/es\\\/bienvenida\\\/\",\"url\":\"https:\\\/\\\/www.easyclix.fr\\\/es\\\/bienvenida\\\/\",\"name\":\"Inform\u00e1tica Chamonix, asistencia y servicios de Easyclix\",\"isPartOf\":{\"@id\":\"https:\\\/\\\/www.easyclix.fr\\\/es\\\/#website\"},\"primaryImageOfPage\":{\"@id\":\"https:\\\/\\\/www.easyclix.fr\\\/es\\\/bienvenida\\\/#primaryimage\"},\"image\":{\"@id\":\"https:\\\/\\\/www.easyclix.fr\\\/es\\\/bienvenida\\\/#primaryimage\"},\"thumbnailUrl\":\"https:\\\/\\\/www.easyclix.fr\\\/wp-content\\\/uploads\\\/2016\\\/11\\\/depannage-pc-windows-chamonix.png\",\"datePublished\":\"2016-12-27T14:48:46+00:00\",\"dateModified\":\"2017-01-23T16:16:19+00:00\",\"description\":\"Easyclix proporciona asistencia inform\u00e1tica en Chamonix Meg\u00e8ve y Sallanches. Nos esplazamos para la reparaci\u00f3n de ordenadores port\u00e1tiles (Windows, OSX, Linux)\",\"breadcrumb\":{\"@id\":\"https:\\\/\\\/www.easyclix.fr\\\/es\\\/bienvenida\\\/#breadcrumb\"},\"inLanguage\":\"es\",\"potentialAction\":[{\"@type\":\"ReadAction\",\"target\":[\"https:\\\/\\\/www.easyclix.fr\\\/es\\\/bienvenida\\\/\"]}]},{\"@type\":\"ImageObject\",\"inLanguage\":\"es\",\"@id\":\"https:\\\/\\\/www.easyclix.fr\\\/es\\\/bienvenida\\\/#primaryimage\",\"url\":\"https:\\\/\\\/www.easyclix.fr\\\/wp-content\\\/uploads\\\/2016\\\/11\\\/depannage-pc-windows-chamonix.png\",\"contentUrl\":\"https:\\\/\\\/www.easyclix.fr\\\/wp-content\\\/uploads\\\/2016\\\/11\\\/depannage-pc-windows-chamonix.png\"},{\"@type\":\"BreadcrumbList\",\"@id\":\"https:\\\/\\\/www.easyclix.fr\\\/es\\\/bienvenida\\\/#breadcrumb\",\"itemListElement\":[{\"@type\":\"ListItem\",\"position\":1,\"name\":\"Accueil\",\"item\":\"https:\\\/\\\/www.easyclix.fr\\\/es\\\/\"},{\"@type\":\"ListItem\",\"position\":2,\"name\":\"Bienvenida\"}]},{\"@type\":\"WebSite\",\"@id\":\"https:\\\/\\\/www.easyclix.fr\\\/es\\\/#website\",\"url\":\"https:\\\/\\\/www.easyclix.fr\\\/es\\\/\",\"name\":\"Easyclix\",\"description\":\"\",\"publisher\":{\"@id\":\"https:\\\/\\\/www.easyclix.fr\\\/es\\\/#organization\"},\"potentialAction\":[{\"@type\":\"SearchAction\",\"target\":{\"@type\":\"EntryPoint\",\"urlTemplate\":\"https:\\\/\\\/www.easyclix.fr\\\/es\\\/?s={search_term_string}\"},\"query-input\":{\"@type\":\"PropertyValueSpecification\",\"valueRequired\":true,\"valueName\":\"search_term_string\"}}],\"inLanguage\":\"es\"},{\"@type\":\"Organization\",\"@id\":\"https:\\\/\\\/www.easyclix.fr\\\/es\\\/#organization\",\"name\":\"Easyclix\",\"url\":\"https:\\\/\\\/www.easyclix.fr\\\/es\\\/\",\"logo\":{\"@type\":\"ImageObject\",\"inLanguage\":\"es\",\"@id\":\"https:\\\/\\\/www.easyclix.fr\\\/es\\\/#\\\/schema\\\/logo\\\/image\\\/\",\"url\":\"https:\\\/\\\/www.easyclix.fr\\\/wp-content\\\/uploads\\\/2016\\\/12\\\/logo-easyclix.jpg\",\"contentUrl\":\"https:\\\/\\\/www.easyclix.fr\\\/wp-content\\\/uploads\\\/2016\\\/12\\\/logo-easyclix.jpg\",\"width\":162,\"height\":95,\"caption\":\"Easyclix\"},\"image\":{\"@id\":\"https:\\\/\\\/www.easyclix.fr\\\/es\\\/#\\\/schema\\\/logo\\\/image\\\/\"},\"sameAs\":[\"https:\\\/\\\/www.facebook.com\\\/eurl.easyclix\",\"https:\\\/\\\/www.linkedin.com\\\/company\\\/easyclix\\\/\"]}]}<\/script>\n<!-- \/ Yoast SEO plugin. -->","yoast_head_json":{"title":"Inform\u00e1tica Chamonix, asistencia y servicios de Easyclix","description":"Easyclix proporciona asistencia inform\u00e1tica en Chamonix Meg\u00e8ve y Sallanches. Nos esplazamos para la reparaci\u00f3n de ordenadores port\u00e1tiles (Windows, OSX, Linux)","robots":{"index":"index","follow":"follow","max-snippet":"max-snippet:-1","max-image-preview":"max-image-preview:large","max-video-preview":"max-video-preview:-1"},"canonical":"https:\/\/www.easyclix.fr\/es\/bienvenida\/","og_locale":"es_ES","og_type":"article","og_title":"Inform\u00e1tica Chamonix, asistencia y servicios de Easyclix","og_description":"Easyclix proporciona asistencia inform\u00e1tica en Chamonix Meg\u00e8ve y Sallanches. Nos esplazamos para la reparaci\u00f3n de ordenadores port\u00e1tiles (Windows, OSX, Linux)","og_url":"https:\/\/www.easyclix.fr\/es\/bienvenida\/","og_site_name":"Easyclix","article_publisher":"https:\/\/www.facebook.com\/eurl.easyclix","article_modified_time":"2017-01-23T16:16:19+00:00","og_image":[{"url":"https:\/\/www.easyclix.fr\/wp-content\/uploads\/2016\/11\/depannage-pc-windows-chamonix.png","type":"","width":"","height":""}],"twitter_card":"summary_large_image","twitter_misc":{"Tiempo de lectura":"3 minutos"},"schema":{"@context":"https:\/\/schema.org","@graph":[{"@type":"WebPage","@id":"https:\/\/www.easyclix.fr\/es\/bienvenida\/","url":"https:\/\/www.easyclix.fr\/es\/bienvenida\/","name":"Inform\u00e1tica Chamonix, asistencia y servicios de Easyclix","isPartOf":{"@id":"https:\/\/www.easyclix.fr\/es\/#website"},"primaryImageOfPage":{"@id":"https:\/\/www.easyclix.fr\/es\/bienvenida\/#primaryimage"},"image":{"@id":"https:\/\/www.easyclix.fr\/es\/bienvenida\/#primaryimage"},"thumbnailUrl":"https:\/\/www.easyclix.fr\/wp-content\/uploads\/2016\/11\/depannage-pc-windows-chamonix.png","datePublished":"2016-12-27T14:48:46+00:00","dateModified":"2017-01-23T16:16:19+00:00","description":"Easyclix proporciona asistencia inform\u00e1tica en Chamonix Meg\u00e8ve y Sallanches. Nos esplazamos para la reparaci\u00f3n de ordenadores port\u00e1tiles (Windows, OSX, Linux)","breadcrumb":{"@id":"https:\/\/www.easyclix.fr\/es\/bienvenida\/#breadcrumb"},"inLanguage":"es","potentialAction":[{"@type":"ReadAction","target":["https:\/\/www.easyclix.fr\/es\/bienvenida\/"]}]},{"@type":"ImageObject","inLanguage":"es","@id":"https:\/\/www.easyclix.fr\/es\/bienvenida\/#primaryimage","url":"https:\/\/www.easyclix.fr\/wp-content\/uploads\/2016\/11\/depannage-pc-windows-chamonix.png","contentUrl":"https:\/\/www.easyclix.fr\/wp-content\/uploads\/2016\/11\/depannage-pc-windows-chamonix.png"},{"@type":"BreadcrumbList","@id":"https:\/\/www.easyclix.fr\/es\/bienvenida\/#breadcrumb","itemListElement":[{"@type":"ListItem","position":1,"name":"Accueil","item":"https:\/\/www.easyclix.fr\/es\/"},{"@type":"ListItem","position":2,"name":"Bienvenida"}]},{"@type":"WebSite","@id":"https:\/\/www.easyclix.fr\/es\/#website","url":"https:\/\/www.easyclix.fr\/es\/","name":"Easyclix","description":"","publisher":{"@id":"https:\/\/www.easyclix.fr\/es\/#organization"},"potentialAction":[{"@type":"SearchAction","target":{"@type":"EntryPoint","urlTemplate":"https:\/\/www.easyclix.fr\/es\/?s={search_term_string}"},"query-input":{"@type":"PropertyValueSpecification","valueRequired":true,"valueName":"search_term_string"}}],"inLanguage":"es"},{"@type":"Organization","@id":"https:\/\/www.easyclix.fr\/es\/#organization","name":"Easyclix","url":"https:\/\/www.easyclix.fr\/es\/","logo":{"@type":"ImageObject","inLanguage":"es","@id":"https:\/\/www.easyclix.fr\/es\/#\/schema\/logo\/image\/","url":"https:\/\/www.easyclix.fr\/wp-content\/uploads\/2016\/12\/logo-easyclix.jpg","contentUrl":"https:\/\/www.easyclix.fr\/wp-content\/uploads\/2016\/12\/logo-easyclix.jpg","width":162,"height":95,"caption":"Easyclix"},"image":{"@id":"https:\/\/www.easyclix.fr\/es\/#\/schema\/logo\/image\/"},"sameAs":["https:\/\/www.facebook.com\/eurl.easyclix","https:\/\/www.linkedin.com\/company\/easyclix\/"]}]}},"_links":{"self":[{"href":"https:\/\/www.easyclix.fr\/es\/wp-json\/wp\/v2\/pages\/735","targetHints":{"allow":["GET"]}}],"collection":[{"href":"https:\/\/www.easyclix.fr\/es\/wp-json\/wp\/v2\/pages"}],"about":[{"href":"https:\/\/www.easyclix.fr\/es\/wp-json\/wp\/v2\/types\/page"}],"author":[{"embeddable":true,"href":"https:\/\/www.easyclix.fr\/es\/wp-json\/wp\/v2\/users\/1"}],"replies":[{"embeddable":true,"href":"https:\/\/www.easyclix.fr\/es\/wp-json\/wp\/v2\/comments?post=735"}],"version-history":[{"count":9,"href":"https:\/\/www.easyclix.fr\/es\/wp-json\/wp\/v2\/pages\/735\/revisions"}],"predecessor-version":[{"id":2583,"href":"https:\/\/www.easyclix.fr\/es\/wp-json\/wp\/v2\/pages\/735\/revisions\/2583"}],"wp:attachment":[{"href":"https:\/\/www.easyclix.fr\/es\/wp-json\/wp\/v2\/media?parent=735"}],"curies":[{"name":"wp","href":"https:\/\/api.w.org\/{rel}","templated":true}]}}