{"id":857,"date":"2016-12-28T11:31:05","date_gmt":"2016-12-28T10:31:05","guid":{"rendered":"https:\/\/www.easyclix.fr\/?page_id=857\/"},"modified":"2017-04-03T13:53:34","modified_gmt":"2017-04-03T11:53:34","slug":"chamonix-megeve-sallanches","status":"publish","type":"page","link":"https:\/\/www.easyclix.fr\/es\/chamonix-megeve-sallanches\/","title":{"rendered":"Chamonix Meg\u00e8ve Sallanches"},"content":{"rendered":"<div class=\"wpb-content-wrapper\"><p>[vc_row][vc_column][vc_column_text]<\/p>\n<p style=\"text-align: center; font-size: 15px;\">En plein centre de Chamonix Mont-Blanc, d\u00e9couvrez <strong>la soci\u00e9t\u00e9 Easyclix<\/strong>, qui, depuis 2012, apporte ses <strong>services en Informatique sur <\/strong><br \/>\n<strong>Chamonix<\/strong>, mais aussi sur <strong>Les Houches, Servoz, Argenti\u00e8re et Vallorcine<\/strong><\/p>\n<p>[\/vc_column_text][\/vc_column][\/vc_row][vc_row][vc_column][vc_column_text]<\/p>\n<p style=\"text-align: center;\"><span style=\"color: #339966; font-size: 14px;\">Sp\u00e9cialiste des syst\u00e8mes d&#8217;exploitation, peu importe l&#8217;ann\u00e9e, peu importe la machine, peu importe le d\u00e9fi !<\/span><\/p>\n<p>[\/vc_column_text][\/vc_column][\/vc_row][vc_row][vc_column width=\u00bb1\/3&#8243;][vc_single_image image=\u00bb1731&#8243; img_size=\u00bbmedium\u00bb alignment=\u00bbcenter\u00bb css_animation=\u00bbzoomInDown\u00bb][\/vc_column][vc_column width=\u00bb1\/3&#8243;][vc_single_image image=\u00bb1814&#8243; img_size=\u00bb246&#215;80&#8243; alignment=\u00bbcenter\u00bb css_animation=\u00bbzoomInDown\u00bb][\/vc_column][vc_column width=\u00bb1\/3&#8243;][vc_single_image image=\u00bb1732&#8243; img_size=\u00bbmedium\u00bb alignment=\u00bbcenter\u00bb css_animation=\u00bbzoomInDown\u00bb][\/vc_column][\/vc_row][vc_row][vc_column][vc_empty_space height=\u00bb20px\u00bb][\/vc_column][\/vc_row][vc_row][vc_column width=\u00bb1\/4&#8243;][vc_single_image image=\u00bb1803&#8243; img_size=\u00bb240&#215;169&#8243; alignment=\u00bbcenter\u00bb css_animation=\u00bbslideInRight\u00bb][\/vc_column][vc_column width=\u00bb3\/4&#8243;][vc_column_text]<\/p>\n<h2>Services en Informatique sur Chamonix et sa vall\u00e9e<\/h2>\n<p>Easyclix propose principalement un service de <strong>d\u00e9pannage Informatique sur la vall\u00e9e de Chamonix<\/strong>, \u00e0 savoir, le d\u00e9blocage d&#8217;ordinateurs, la r\u00e9solution de petits ou de grands probl\u00e8mes informatiques divers et vari\u00e9s, sur PC ou Mac, \u00e9quip\u00e9s de Windows, Linux ou OS X (ou les 2, ou les 3), la <strong>cr\u00e9ation de sites Internet avec r\u00e9f\u00e9rencement pouss\u00e9 et pens\u00e9<\/strong>, et \u00e9galement la cr\u00e9ation de logiciels sur mesure pour votre activit\u00e9 professionnel, et beaucoup d&#8217;autres services informatiques en rapport.[\/vc_column_text][\/vc_column][\/vc_row][vc_row][vc_column][vc_empty_space height=\u00bb20px\u00bb][\/vc_column][\/vc_row][vc_row][vc_column width=\u00bb1\/4&#8243;][vc_single_image image=\u00bb1804&#8243; img_size=\u00bb240&#215;149&#8243; alignment=\u00bbcenter\u00bb css_animation=\u00bbslideInRight\u00bb][\/vc_column][vc_column width=\u00bb3\/4&#8243;][vc_column_text]<\/p>\n<h2>D\u00e9pannage Informatique sur Chamonix, Les Houches, et autour<\/h2>\n<p>La soci\u00e9t\u00e9 Easyclix est comp\u00e9tente pour <strong>r\u00e9parer vos ordinateurs sur Chamonix<\/strong>, r\u00e9gler des probl\u00e8mes li\u00e9s \u00e0 votre syst\u00e8me d&#8217;exploitation, r\u00e9gler des probl\u00e8mes de drivers mal install\u00e9s ou non install\u00e9s, ou encore optimiser les performances de votre ordinateur, pr\u00e9parer votre ordinateur pour que vous puissiez en tirer le meilleur parti (un peu comme un pr\u00e9parateur automobile avec une voiture qui ne demanderait qu&#8217;\u00e0 chanter, que la base soit faible ou d\u00e9j\u00e0 fortement pr\u00e9vue pour des optimisations en tous genres).<\/p>\n<p><strong>D\u00e9pannages sur PC<\/strong> (HP, Dell, Alienware, Asus, Acer, Toshiba, Clevo et autres marques d&#8217;ordinateurs) et sur<strong> d\u00e9pannages sur produits Apple<\/strong> (Mac : iMac, Macbook Pro ou Air, Mac Mini).[\/vc_column_text][\/vc_column][\/vc_row][vc_row][vc_column][vc_empty_space height=\u00bb20px\u00bb][\/vc_column][\/vc_row][vc_row][vc_column width=\u00bb1\/4&#8243;][vc_single_image image=\u00bb1807&#8243; img_size=\u00bb240&#215;240&#8243; alignment=\u00bbcenter\u00bb css_animation=\u00bbslideInRight\u00bb][\/vc_column][vc_column width=\u00bb3\/4&#8243;][vc_column_text]<\/p>\n<h2>R\u00e9paration de PC \u00e9quip\u00e9s Windows\/Linux \u00e0 Chamonix<\/h2>\n<p>Easyclix r\u00e9pare tous les jours des PC \u00e9quip\u00e9s de Windows dans son atelier de Chamonix, qui peuvent rencontrer tous types de probl\u00e8mes, comme par exemple un remplacement de disque dur n\u00e9cessaire, un probl\u00e8me d&#8217;installation de carte Wifi, un souci de stabilit\u00e9 du syst\u00e8me Windows (xp \/ vista \/ 7 \/ 8 \/ 10, et parfois Windows 95, 98, Me, 2000 !) ou encore des emb\u00eatements \u00e0 cause de virus et \/ ou\u00a0 de malwares et autres programmes malveillants.<\/p>\n<p>Easyclix peut en g\u00e9n\u00e9ral vous tirer d&#8217;affaire en quelques heures pour tous probl\u00e8mes logiciels, et poss\u00e8de assez de pi\u00e8ces en stock pour vous d\u00e9panner rapidement sur 80% des probl\u00e8mes mat\u00e9riels (sur PC portable ou Pc de bureau), sauf en cas de pi\u00e8ce non standard qui n\u00e9cessitera une commande de mat\u00e9riel de notre part.[\/vc_column_text][\/vc_column][\/vc_row][vc_row][vc_column][vc_empty_space height=\u00bb20px\u00bb][\/vc_column][\/vc_row][vc_row][vc_column width=\u00bb1\/4&#8243;][vc_single_image image=\u00bb1808&#8243; img_size=\u00bb190&#215;156&#8243; alignment=\u00bbcenter\u00bb css_animation=\u00bbslideInRight\u00bb][\/vc_column][vc_column width=\u00bb3\/4&#8243;][vc_column_text]<\/p>\n<h2>Mini Apple Store de Chamonix pour la r\u00e9paration de Mac<\/h2>\n<p>Easyclix assure un service de r\u00e9paration de Mac sur la vall\u00e9e de Chamonix, mais aussi sur le bas de la vall\u00e9e. En effet, l&#8217;Apple Store de Chamonix le plus proche \u00e9tant situ\u00e9 en Suisse \u00e0 Gen\u00e8ve (\u00e0 100Km de Chamonix), Easyclix s&#8217;est donc \u00e9quip\u00e9 pour pouvoir r\u00e9parer une bonne partie des Macbook Pro et des iMac d\u00e9faillants des particuliers et professionnels du coin.<\/p>\n<p>Nous proposons un service de qualit\u00e9 dans la r\u00e9paration de machines Apple, et pouvons vous apporter des solutions sur beaucoup de soucis en rapport avec les Mac.<br \/>\nConsultez notre page sur la r\u00e9paration de Mac \u00e0 Chamonix ![\/vc_column_text][\/vc_column][\/vc_row][vc_row][vc_column][vc_empty_space height=\u00bb20px\u00bb][\/vc_column][\/vc_row][vc_row][vc_column width=\u00bb1\/4&#8243;][vc_single_image image=\u00bb1819&#8243; img_size=\u00bb190&#215;190&#8243; alignment=\u00bbcenter\u00bb css_animation=\u00bbslideInRight\u00bb][\/vc_column][vc_column width=\u00bb3\/4&#8243;][vc_column_text]<\/p>\n<h2>Installation Internet et Wifi sur Chamonix<\/h2>\n<p>Une fois votre abonnement ADSL pris chez Free, Orange ou SFR, Easyclix peut intervenir \u00e0 domicile pour venir installer vos \u00e9quipements en rapport avec cela, comme les Livebox, Freebox, Box SFR, BBox, et toutes autres solutions de routeurs ADSL, ainsi que les relais Wifi si votre maison est grande !<\/p>\n<p>Nous poss\u00e9dons aussi les comp\u00e9tences pour r\u00e9aliser ce m\u00eame type d&#8217;installations avec des solutions d&#8217;Internet par Satellite avec Sat2Way par exemple\u00a0 (mis \u00e0 part l&#8217;installation de la parabole sur votre maison, pour cela nous pourrons vous rediriger vers le professionnel comp\u00e9tent en la mati\u00e8re sur Chamonix \u00e9galement.[\/vc_column_text][\/vc_column][\/vc_row][vc_row][vc_column][vc_empty_space height=\u00bb20px\u00bb][\/vc_column][\/vc_row][vc_row][vc_column width=\u00bb1\/4&#8243;][vc_single_image image=\u00bb1820&#8243; img_size=\u00bb200&#215;200&#8243; alignment=\u00bbcenter\u00bb css_animation=\u00bbslideInRight\u00bb][\/vc_column][vc_column width=\u00bb3\/4&#8243;][vc_column_text]<\/p>\n<h2>Boutique Informatique \u00e0 Chamonix, vente d&#8217;ordinateur et de mat\u00e9riel<\/h2>\n<p>Easyclix est un des rares endroits de Chamonix qu propose de la vente d&#8217;ordinateurs neufs et occasion (tant dans les PC que dans les Mac).<\/p>\n<p>Nous travaillons uniquement avec les marques r\u00e9put\u00e9es d&#8217;ordinateurs, et, en tant que r\u00e9parateur d&#8217;ordinateurs, nous connaissons les mod\u00e8les et marques \u00e0 \u00e9viter !<\/p>\n<p>Consultez notre page \u00abboutique informatique \u00e0 Chamonix\u00bb pour prendre connaissance des affaires du moment, ainsi que du mat\u00e9riel propos\u00e9 \u00e0\u00a0 l&#8217;ann\u00e9e en neuf.[\/vc_column_text][\/vc_column][\/vc_row]<\/p>\n<\/div>","protected":false},"excerpt":{"rendered":"<p>[vc_row][vc_column][vc_column_text] En plein centre de Chamonix Mont-Blanc, d\u00e9couvrez la soci\u00e9t\u00e9 Easyclix, qui, depuis 2012, apporte ses services en Informatique sur Chamonix, mais aussi sur Les Houches, Servoz, Argenti\u00e8re et Vallorcine<\/p>\n","protected":false},"author":1,"featured_media":0,"parent":0,"menu_order":0,"comment_status":"closed","ping_status":"closed","template":"","meta":{"footnotes":""},"class_list":["post-857","page","type-page","status-publish","hentry"],"yoast_head":"<!-- This site is optimized with the Yoast SEO plugin v27.5 - https:\/\/yoast.com\/product\/yoast-seo-wordpress\/ -->\n<title>Chamonix Meg\u00e8ve Sallanches - Easyclix<\/title>\n<meta name=\"robots\" content=\"index, follow, max-snippet:-1, max-image-preview:large, max-video-preview:-1\" \/>\n<link rel=\"canonical\" href=\"https:\/\/www.easyclix.fr\/es\/chamonix-megeve-sallanches\/\" \/>\n<meta property=\"og:locale\" content=\"es_ES\" \/>\n<meta property=\"og:type\" content=\"article\" \/>\n<meta property=\"og:title\" content=\"Chamonix Meg\u00e8ve Sallanches - Easyclix\" \/>\n<meta property=\"og:description\" content=\"[vc_row][vc_column][vc_column_text] En plein centre de Chamonix Mont-Blanc, d\u00e9couvrez la soci\u00e9t\u00e9 Easyclix, qui, depuis 2012, apporte ses services en Informatique sur Chamonix, mais aussi sur Les Houches, Servoz, Argenti\u00e8re et Vallorcine\" \/>\n<meta property=\"og:url\" content=\"https:\/\/www.easyclix.fr\/es\/chamonix-megeve-sallanches\/\" \/>\n<meta property=\"og:site_name\" content=\"Easyclix\" \/>\n<meta property=\"article:publisher\" content=\"https:\/\/www.facebook.com\/eurl.easyclix\" \/>\n<meta property=\"article:modified_time\" content=\"2017-04-03T11:53:34+00:00\" \/>\n<meta name=\"twitter:card\" content=\"summary_large_image\" \/>\n<meta name=\"twitter:label1\" content=\"Tiempo de lectura\" \/>\n\t<meta name=\"twitter:data1\" content=\"5 minutos\" \/>\n<script type=\"application\/ld+json\" class=\"yoast-schema-graph\">{\"@context\":\"https:\\\/\\\/schema.org\",\"@graph\":[{\"@type\":\"WebPage\",\"@id\":\"https:\\\/\\\/www.easyclix.fr\\\/es\\\/chamonix-megeve-sallanches\\\/\",\"url\":\"https:\\\/\\\/www.easyclix.fr\\\/es\\\/chamonix-megeve-sallanches\\\/\",\"name\":\"Chamonix Meg\u00e8ve Sallanches - Easyclix\",\"isPartOf\":{\"@id\":\"https:\\\/\\\/www.easyclix.fr\\\/es\\\/#website\"},\"datePublished\":\"2016-12-28T10:31:05+00:00\",\"dateModified\":\"2017-04-03T11:53:34+00:00\",\"breadcrumb\":{\"@id\":\"https:\\\/\\\/www.easyclix.fr\\\/es\\\/chamonix-megeve-sallanches\\\/#breadcrumb\"},\"inLanguage\":\"es\",\"potentialAction\":[{\"@type\":\"ReadAction\",\"target\":[\"https:\\\/\\\/www.easyclix.fr\\\/es\\\/chamonix-megeve-sallanches\\\/\"]}]},{\"@type\":\"BreadcrumbList\",\"@id\":\"https:\\\/\\\/www.easyclix.fr\\\/es\\\/chamonix-megeve-sallanches\\\/#breadcrumb\",\"itemListElement\":[{\"@type\":\"ListItem\",\"position\":1,\"name\":\"Accueil\",\"item\":\"https:\\\/\\\/www.easyclix.fr\\\/es\\\/\"},{\"@type\":\"ListItem\",\"position\":2,\"name\":\"Chamonix Meg\u00e8ve Sallanches\"}]},{\"@type\":\"WebSite\",\"@id\":\"https:\\\/\\\/www.easyclix.fr\\\/es\\\/#website\",\"url\":\"https:\\\/\\\/www.easyclix.fr\\\/es\\\/\",\"name\":\"Easyclix\",\"description\":\"\",\"publisher\":{\"@id\":\"https:\\\/\\\/www.easyclix.fr\\\/es\\\/#organization\"},\"potentialAction\":[{\"@type\":\"SearchAction\",\"target\":{\"@type\":\"EntryPoint\",\"urlTemplate\":\"https:\\\/\\\/www.easyclix.fr\\\/es\\\/?s={search_term_string}\"},\"query-input\":{\"@type\":\"PropertyValueSpecification\",\"valueRequired\":true,\"valueName\":\"search_term_string\"}}],\"inLanguage\":\"es\"},{\"@type\":\"Organization\",\"@id\":\"https:\\\/\\\/www.easyclix.fr\\\/es\\\/#organization\",\"name\":\"Easyclix\",\"url\":\"https:\\\/\\\/www.easyclix.fr\\\/es\\\/\",\"logo\":{\"@type\":\"ImageObject\",\"inLanguage\":\"es\",\"@id\":\"https:\\\/\\\/www.easyclix.fr\\\/es\\\/#\\\/schema\\\/logo\\\/image\\\/\",\"url\":\"https:\\\/\\\/www.easyclix.fr\\\/wp-content\\\/uploads\\\/2016\\\/12\\\/logo-easyclix.jpg\",\"contentUrl\":\"https:\\\/\\\/www.easyclix.fr\\\/wp-content\\\/uploads\\\/2016\\\/12\\\/logo-easyclix.jpg\",\"width\":162,\"height\":95,\"caption\":\"Easyclix\"},\"image\":{\"@id\":\"https:\\\/\\\/www.easyclix.fr\\\/es\\\/#\\\/schema\\\/logo\\\/image\\\/\"},\"sameAs\":[\"https:\\\/\\\/www.facebook.com\\\/eurl.easyclix\",\"https:\\\/\\\/www.linkedin.com\\\/company\\\/easyclix\\\/\"]}]}<\/script>\n<!-- \/ Yoast SEO plugin. -->","yoast_head_json":{"title":"Chamonix Meg\u00e8ve Sallanches - Easyclix","robots":{"index":"index","follow":"follow","max-snippet":"max-snippet:-1","max-image-preview":"max-image-preview:large","max-video-preview":"max-video-preview:-1"},"canonical":"https:\/\/www.easyclix.fr\/es\/chamonix-megeve-sallanches\/","og_locale":"es_ES","og_type":"article","og_title":"Chamonix Meg\u00e8ve Sallanches - Easyclix","og_description":"[vc_row][vc_column][vc_column_text] En plein centre de Chamonix Mont-Blanc, d\u00e9couvrez la soci\u00e9t\u00e9 Easyclix, qui, depuis 2012, apporte ses services en Informatique sur Chamonix, mais aussi sur Les Houches, Servoz, Argenti\u00e8re et Vallorcine","og_url":"https:\/\/www.easyclix.fr\/es\/chamonix-megeve-sallanches\/","og_site_name":"Easyclix","article_publisher":"https:\/\/www.facebook.com\/eurl.easyclix","article_modified_time":"2017-04-03T11:53:34+00:00","twitter_card":"summary_large_image","twitter_misc":{"Tiempo de lectura":"5 minutos"},"schema":{"@context":"https:\/\/schema.org","@graph":[{"@type":"WebPage","@id":"https:\/\/www.easyclix.fr\/es\/chamonix-megeve-sallanches\/","url":"https:\/\/www.easyclix.fr\/es\/chamonix-megeve-sallanches\/","name":"Chamonix Meg\u00e8ve Sallanches - Easyclix","isPartOf":{"@id":"https:\/\/www.easyclix.fr\/es\/#website"},"datePublished":"2016-12-28T10:31:05+00:00","dateModified":"2017-04-03T11:53:34+00:00","breadcrumb":{"@id":"https:\/\/www.easyclix.fr\/es\/chamonix-megeve-sallanches\/#breadcrumb"},"inLanguage":"es","potentialAction":[{"@type":"ReadAction","target":["https:\/\/www.easyclix.fr\/es\/chamonix-megeve-sallanches\/"]}]},{"@type":"BreadcrumbList","@id":"https:\/\/www.easyclix.fr\/es\/chamonix-megeve-sallanches\/#breadcrumb","itemListElement":[{"@type":"ListItem","position":1,"name":"Accueil","item":"https:\/\/www.easyclix.fr\/es\/"},{"@type":"ListItem","position":2,"name":"Chamonix Meg\u00e8ve Sallanches"}]},{"@type":"WebSite","@id":"https:\/\/www.easyclix.fr\/es\/#website","url":"https:\/\/www.easyclix.fr\/es\/","name":"Easyclix","description":"","publisher":{"@id":"https:\/\/www.easyclix.fr\/es\/#organization"},"potentialAction":[{"@type":"SearchAction","target":{"@type":"EntryPoint","urlTemplate":"https:\/\/www.easyclix.fr\/es\/?s={search_term_string}"},"query-input":{"@type":"PropertyValueSpecification","valueRequired":true,"valueName":"search_term_string"}}],"inLanguage":"es"},{"@type":"Organization","@id":"https:\/\/www.easyclix.fr\/es\/#organization","name":"Easyclix","url":"https:\/\/www.easyclix.fr\/es\/","logo":{"@type":"ImageObject","inLanguage":"es","@id":"https:\/\/www.easyclix.fr\/es\/#\/schema\/logo\/image\/","url":"https:\/\/www.easyclix.fr\/wp-content\/uploads\/2016\/12\/logo-easyclix.jpg","contentUrl":"https:\/\/www.easyclix.fr\/wp-content\/uploads\/2016\/12\/logo-easyclix.jpg","width":162,"height":95,"caption":"Easyclix"},"image":{"@id":"https:\/\/www.easyclix.fr\/es\/#\/schema\/logo\/image\/"},"sameAs":["https:\/\/www.facebook.com\/eurl.easyclix","https:\/\/www.linkedin.com\/company\/easyclix\/"]}]}},"_links":{"self":[{"href":"https:\/\/www.easyclix.fr\/es\/wp-json\/wp\/v2\/pages\/857","targetHints":{"allow":["GET"]}}],"collection":[{"href":"https:\/\/www.easyclix.fr\/es\/wp-json\/wp\/v2\/pages"}],"about":[{"href":"https:\/\/www.easyclix.fr\/es\/wp-json\/wp\/v2\/types\/page"}],"author":[{"embeddable":true,"href":"https:\/\/www.easyclix.fr\/es\/wp-json\/wp\/v2\/users\/1"}],"replies":[{"embeddable":true,"href":"https:\/\/www.easyclix.fr\/es\/wp-json\/wp\/v2\/comments?post=857"}],"version-history":[{"count":5,"href":"https:\/\/www.easyclix.fr\/es\/wp-json\/wp\/v2\/pages\/857\/revisions"}],"predecessor-version":[{"id":2651,"href":"https:\/\/www.easyclix.fr\/es\/wp-json\/wp\/v2\/pages\/857\/revisions\/2651"}],"wp:attachment":[{"href":"https:\/\/www.easyclix.fr\/es\/wp-json\/wp\/v2\/media?parent=857"}],"curies":[{"name":"wp","href":"https:\/\/api.w.org\/{rel}","templated":true}]}}