{"id":883,"date":"2016-12-28T11:37:31","date_gmt":"2016-12-28T10:37:31","guid":{"rendered":"https:\/\/www.easyclix.fr\/?page_id=883\/"},"modified":"2024-08-02T14:56:15","modified_gmt":"2024-08-02T12:56:15","slug":"reparacion-ordenadores-asistencia-informatica","status":"publish","type":"page","link":"https:\/\/www.easyclix.fr\/es\/chamonix-megeve-sallanches\/reparacion-ordenadores-asistencia-informatica\/","title":{"rendered":"Servicios Inform\u00e1ticos, Asistencia y reparaci\u00f3n en Chamonix, Meg\u00e8ve y Sallanches"},"content":{"rendered":"<div class=\"wpb-content-wrapper\"><p>[vc_row][vc_column]\n\t\t\t<!-- START diapov5 REVOLUTION SLIDER 6.7.41 --><p class=\"rs-p-wp-fix\"><\/p>\n\t\t\t<rs-module-wrap id=\"rev_slider_8_1_wrapper\" data-source=\"gallery\" style=\"visibility:hidden;background:transparent;padding:0;margin:0px auto;margin-top:0;margin-bottom:0;\">\n\t\t\t\t<rs-module id=\"rev_slider_8_1\" style=\"\" data-version=\"6.7.41\">\n\t\t\t\t\t<rs-slides style=\"overflow: hidden; position: absolute;\">\n\t\t\t\t\t\t<rs-slide style=\"position: absolute;\" data-key=\"rs-79\" data-title=\"#1\" data-in=\"o:0;\" data-out=\"a:false;\">\n\t\t\t\t\t\t\t<img decoding=\"async\" src=\"\/\/www.easyclix.fr\/wp-content\/plugins\/revslider\/sr6\/assets\/assets\/dummy.png\" alt=\"\" title=\"v5-img1-min\" width=\"1917\" height=\"428\" class=\"rev-slidebg tp-rs-img rs-lazyload\" data-lazyload=\"\/\/www.easyclix.fr\/wp-content\/uploads\/2024\/07\/v5-img1-min.png\" data-no-retina>\n<!---->\t\t\t\t\t<\/rs-slide>\n\t\t\t\t\t\t<rs-slide style=\"position: absolute;\" data-key=\"rs-81\" data-title=\"Slide\" data-in=\"o:0;\" data-out=\"a:false;\">\n\t\t\t\t\t\t\t<img decoding=\"async\" src=\"\/\/www.easyclix.fr\/wp-content\/plugins\/revslider\/sr6\/assets\/assets\/dummy.png\" alt=\"\" title=\"v5-img3-min\" width=\"1919\" height=\"425\" class=\"rev-slidebg tp-rs-img rs-lazyload\" data-lazyload=\"\/\/www.easyclix.fr\/wp-content\/uploads\/2024\/07\/v5-img3-min.png\" data-no-retina>\n<!---->\t\t\t\t\t<\/rs-slide>\n\t\t\t\t\t\t<rs-slide style=\"position: absolute;\" data-key=\"rs-82\" data-title=\"Slide\" data-in=\"o:0;\" data-out=\"a:false;\">\n\t\t\t\t\t\t\t<img decoding=\"async\" src=\"\/\/www.easyclix.fr\/wp-content\/plugins\/revslider\/sr6\/assets\/assets\/dummy.png\" alt=\"\" title=\"v5-img4-min\" width=\"1918\" height=\"428\" class=\"rev-slidebg tp-rs-img rs-lazyload\" data-lazyload=\"\/\/www.easyclix.fr\/wp-content\/uploads\/2024\/07\/v5-img4-min.png\" data-no-retina>\n<!---->\t\t\t\t\t<\/rs-slide>\n\t\t\t\t\t\t<rs-slide style=\"position: absolute;\" data-key=\"rs-83\" data-title=\"Slide\" data-in=\"o:0;\" data-out=\"a:false;\">\n\t\t\t\t\t\t\t<img decoding=\"async\" src=\"\/\/www.easyclix.fr\/wp-content\/plugins\/revslider\/sr6\/assets\/assets\/dummy.png\" alt=\"\" title=\"v5-img5-min\" width=\"1920\" height=\"428\" class=\"rev-slidebg tp-rs-img rs-lazyload\" data-lazyload=\"\/\/www.easyclix.fr\/wp-content\/uploads\/2024\/07\/v5-img5-min.png\" data-no-retina>\n<!---->\t\t\t\t\t<\/rs-slide>\n\t\t\t\t\t\t<rs-slide style=\"position: absolute;\" data-key=\"rs-84\" data-title=\"Slide\" data-in=\"o:0;\" data-out=\"a:false;\">\n\t\t\t\t\t\t\t<img decoding=\"async\" src=\"\/\/www.easyclix.fr\/wp-content\/plugins\/revslider\/sr6\/assets\/assets\/dummy.png\" alt=\"\" title=\"v5-img6-min\" width=\"1920\" height=\"428\" class=\"rev-slidebg tp-rs-img rs-lazyload\" data-lazyload=\"\/\/www.easyclix.fr\/wp-content\/uploads\/2024\/07\/v5-img6-min.png\" data-no-retina>\n<!---->\t\t\t\t\t<\/rs-slide>\n\t\t\t\t\t\t<rs-slide style=\"position: absolute;\" data-key=\"rs-85\" data-title=\"Slide\" data-in=\"o:0;\" data-out=\"a:false;\">\n\t\t\t\t\t\t\t<img decoding=\"async\" src=\"\/\/www.easyclix.fr\/wp-content\/plugins\/revslider\/sr6\/assets\/assets\/dummy.png\" alt=\"\" title=\"v5-img7-min\" width=\"1920\" height=\"428\" class=\"rev-slidebg tp-rs-img rs-lazyload\" data-lazyload=\"\/\/www.easyclix.fr\/wp-content\/uploads\/2024\/07\/v5-img7-min.png\" data-no-retina>\n<!---->\t\t\t\t\t<\/rs-slide>\n\t\t\t\t\t\t<rs-slide style=\"position: absolute;\" data-key=\"rs-86\" data-title=\"Slide\" data-in=\"o:0;\" data-out=\"a:false;\">\n\t\t\t\t\t\t\t<img decoding=\"async\" src=\"\/\/www.easyclix.fr\/wp-content\/plugins\/revslider\/sr6\/assets\/assets\/dummy.png\" alt=\"\" title=\"v5-img8-min\" width=\"1920\" height=\"428\" class=\"rev-slidebg tp-rs-img rs-lazyload\" data-lazyload=\"\/\/www.easyclix.fr\/wp-content\/uploads\/2024\/07\/v5-img8-min.png\" data-no-retina>\n<!---->\t\t\t\t\t<\/rs-slide>\n\t\t\t\t\t\t<rs-slide style=\"position: absolute;\" data-key=\"rs-87\" data-title=\"Slide\" data-in=\"o:0;\" data-out=\"a:false;\">\n\t\t\t\t\t\t\t<img decoding=\"async\" src=\"\/\/www.easyclix.fr\/wp-content\/plugins\/revslider\/sr6\/assets\/assets\/dummy.png\" alt=\"\" title=\"v5-img9-min\" width=\"1920\" height=\"428\" class=\"rev-slidebg tp-rs-img rs-lazyload\" data-lazyload=\"\/\/www.easyclix.fr\/wp-content\/uploads\/2024\/07\/v5-img9-min.png\" data-no-retina>\n<!---->\t\t\t\t\t<\/rs-slide>\n\t\t\t\t\t\t<rs-slide style=\"position: absolute;\" data-key=\"rs-89\" data-title=\"Slide\" data-in=\"o:0;\" data-out=\"a:false;\">\n\t\t\t\t\t\t\t<img decoding=\"async\" src=\"\/\/www.easyclix.fr\/wp-content\/plugins\/revslider\/sr6\/assets\/assets\/dummy.png\" alt=\"\" title=\"v5-img11-min\" width=\"1920\" height=\"428\" class=\"rev-slidebg tp-rs-img rs-lazyload\" data-lazyload=\"\/\/www.easyclix.fr\/wp-content\/uploads\/2024\/07\/v5-img11-min.png\" data-no-retina>\n<!---->\t\t\t\t\t<\/rs-slide>\n\t\t\t\t\t\t<rs-slide style=\"position: absolute;\" data-key=\"rs-90\" data-title=\"Slide\" data-in=\"o:0;\" data-out=\"a:false;\">\n\t\t\t\t\t\t\t<img decoding=\"async\" src=\"\/\/www.easyclix.fr\/wp-content\/plugins\/revslider\/sr6\/assets\/assets\/dummy.png\" alt=\"\" title=\"v5-img11-min\" width=\"1920\" height=\"428\" class=\"rev-slidebg tp-rs-img rs-lazyload\" data-lazyload=\"\/\/www.easyclix.fr\/wp-content\/uploads\/2024\/07\/v5-img11-min.png\" data-no-retina>\n<!---->\t\t\t\t\t<\/rs-slide>\n\t\t\t\t\t<\/rs-slides>\n\t\t\t\t<\/rs-module>\n\t\t\t\t<script>\n\t\t\t\t\tsetREVStartSize({c: 'rev_slider_8_1',rl:[1240,1024,778,480],el:[428],gw:[1920],gh:[428],type:'standard',justify:'',layout:'fullwidth',mh:\"0\"});if (window.RS_MODULES!==undefined && window.RS_MODULES.modules!==undefined && window.RS_MODULES.modules[\"revslider81\"]!==undefined) {window.RS_MODULES.modules[\"revslider81\"].once = false;window.revapi8 = undefined;if (window.RS_MODULES.checkMinimal!==undefined) window.RS_MODULES.checkMinimal()}\n\t\t\t\t<\/script>\n\t\t\t<\/rs-module-wrap>\n\t\t\t<!-- END REVOLUTION SLIDER -->\n<div class=\"dfd-spacer-module\"  data-units=\"px\" data-wide_resolution=\"1280\" data-wide_size=\"40\" data-normal_resolution=\"1024\" data-normal_size=\"40\" data-tablet_resolution=\"800\" data-tablet_size=\"40\" data-mobile_resolution=\"480\" data-mobile_size=\"40\" style=\"height: 40px;\"><\/div>[vc_column_text css=\u00bb\u00bb]<\/p>\n<h1 style=\"text-align: center;\">Servicios Inform\u00e1ticos, Asistencia y reparaci\u00f3n PC e Apple<br \/>\nen Chamonix, Meg\u00e8ve y Sallanches<\/h1>\n<p>[\/vc_column_text]<div class=\"dfd-spacer-module\"  data-units=\"px\" data-wide_resolution=\"1280\" data-wide_size=\"40\" data-normal_resolution=\"1024\" data-normal_size=\"40\" data-tablet_resolution=\"800\" data-tablet_size=\"40\" data-mobile_resolution=\"480\" data-mobile_size=\"40\" style=\"height: 40px;\"><\/div>[\/vc_column][\/vc_row][vc_row][vc_column][vc_column_text css=\u00bb\u00bb]<\/p>\n<h2 style=\"text-align: center;\">Reparaci\u00f3n y soluci\u00f3n de problemas en computadoras Apple y computadoras con Windows<\/h2>\n<p style=\"text-align: center;\">Easyclix se desplaza a su domicilio en el \u00e1rea de Chamonix para ofrecerle asistencia inform\u00e1tica y reparar su ordenador de sobremesa o port\u00e1til.<\/p>\n<p style=\"text-align: center;\">El diagn\u00f3stico de la aver\u00eda es muy r\u00e1pido y en la mayor\u00eda de los casos reparamos el ordenador en una hora y en el domicilio del cliente.<\/p>\n<p style=\"text-align: center;\">Si la aver\u00eda resulta ser m\u00e1s grave de lo previsto, no se preocupe. Easyclix se llevar\u00e1 el ordenador al taller y solucionar\u00e1 el problema en un plazo m\u00e1ximo de entre 24 y 48 horas.<\/p>\n<p style=\"text-align: center;\">Nos desplazamos a Sallanches, Passy, Servoz, Les Houches, Chamonix, Argenti\u00e8re y Vallorcine para reparar su ordenador en el menor tiempo posible.<\/p>\n<p>[\/vc_column_text][\/vc_column][\/vc_row][vc_row][vc_column]<div class=\"dfd-spacer-module\"  data-units=\"px\" data-wide_resolution=\"1280\" data-wide_size=\"60\" data-normal_resolution=\"1024\" data-normal_size=\"60\" data-tablet_resolution=\"800\" data-tablet_size=\"60\" data-mobile_resolution=\"480\" data-mobile_size=\"60\" style=\"height: 60px;\"><\/div>[\/vc_column][\/vc_row][vc_row][vc_column width=\u00bb1\/4&#8243;][vc_single_image image=\u00bb2233&#8243; img_size=\u00bb105&#215;90&#8243; alignment=\u00bbcenter\u00bb css_animation=\u00bbfadeInLeftBig\u00bb css=\u00bb\u00bb][\/vc_column][vc_column width=\u00bb3\/4&#8243;][vc_column_text css=\u00bb\u00bb]<\/p>\n<h3>Reparaci\u00f3n de ordenadores de sobremesa o port\u00e1tiles<\/h3>\n<p>En Easyclix podemos reparar cualquier tipo de aver\u00eda que pueda tener su ordenador, tanto del hardware como del software.<\/p>\n<p>Solucionamos problemas de drivers, de funcionamiento lento del sistema operativo o incluso aver\u00edas causadas por virus, spyware o troyanos.<\/p>\n<p>Tambi\u00e9n reparamos impresoras, tanto de conexi\u00f3n por cable o USB como inal\u00e1mbricas, y reseteamos o actualizamos GPS.[\/vc_column_text][\/vc_column][\/vc_row][vc_row][vc_column]<div class=\"dfd-spacer-module\"  data-units=\"px\" data-wide_resolution=\"1280\" data-wide_size=\"60\" data-normal_resolution=\"1024\" data-normal_size=\"60\" data-tablet_resolution=\"800\" data-tablet_size=\"60\" data-mobile_resolution=\"480\" data-mobile_size=\"60\" style=\"height: 60px;\"><\/div>[\/vc_column][\/vc_row][vc_row][vc_column width=\u00bb1\/4&#8243;][vc_single_image image=\u00bb1855&#8243; img_size=\u00bb105&#215;100&#8243; alignment=\u00bbcenter\u00bb css_animation=\u00bbfadeInLeftBig\u00bb css=\u00bb\u00bb][\/vc_column][vc_column width=\u00bb3\/4&#8243;][vc_column_text css=\u00bb\u00bb]<\/p>\n<h3>Reparaci\u00f3n ordenador lento<\/h3>\n<p>Si su ordenador es muy lento a pesar de ser reciente o su funcionamiento ha ido empeorando progresivamente d\u00eda tras d\u00eda, seguramente sea v\u00edctima de un virus, de malwares o de otros programas maliciosos que se hayan instalado en su ordenador. Easyclix puede intervenir r\u00e1pidamente (en una hora y media en la mayor\u00eda de los casos) para devolverle un PC mucho m\u00e1s r\u00e1pido, lo que significa que el rendimiento de su ordenador se ver\u00e1 acelerado, algo especialmente importante si le da un uso profesional.<\/p>\n<p>Aver\u00edas m\u00e1s habituales: publicidad invasiva, ordenador bloqueado en el arranque, imposibilidad de acceder al escritorio, troyanos, pantalla azul en Windows, mensajes del Ministerio de Defensa, virus de la polic\u00eda, etc.[\/vc_column_text][\/vc_column][\/vc_row][vc_row][vc_column]<div class=\"dfd-spacer-module\"  data-units=\"px\" data-wide_resolution=\"1280\" data-wide_size=\"60\" data-normal_resolution=\"1024\" data-normal_size=\"60\" data-tablet_resolution=\"800\" data-tablet_size=\"60\" data-mobile_resolution=\"480\" data-mobile_size=\"60\" style=\"height: 60px;\"><\/div>[\/vc_column][\/vc_row][vc_row][vc_column width=\u00bb1\/4&#8243;][vc_single_image image=\u00bb1637&#8243; img_size=\u00bb105&#215;105&#8243; alignment=\u00bbcenter\u00bb css_animation=\u00bbfadeInLeftBig\u00bb css=\u00bb\u00bb][\/vc_column][vc_column width=\u00bb3\/4&#8243;][vc_column_text css=\u00bb\u00bb]<\/p>\n<h3>Instalaci\u00f3n de material<\/h3>\n<p>Easyclix puede instalarle todo tipo de componentes inform\u00e1ticos, ya se trate de tarjetas de red, de wifi, fuentes de alimentaci\u00f3n, discos duros o lectores y grabadores de CD\/DVD, as\u00ed como pedirlos por encargo o asesorarle en su compra para que sepa cu\u00e1l es el material que realmente necesita.<\/p>\n<p>Para m\u00e1s informaci\u00f3n, no dude en contactar con Easyclix a trav\u00e9s del n\u00famero de tel\u00e9fono que aparece en la parte superior de la p\u00e1gina web de Easyclix Chamonix.[\/vc_column_text][\/vc_column][\/vc_row][vc_row][vc_column]<div class=\"dfd-spacer-module\"  data-units=\"px\" data-wide_resolution=\"1280\" data-wide_size=\"60\" data-normal_resolution=\"1024\" data-normal_size=\"60\" data-tablet_resolution=\"800\" data-tablet_size=\"60\" data-mobile_resolution=\"480\" data-mobile_size=\"60\" style=\"height: 60px;\"><\/div>[\/vc_column][\/vc_row][vc_row][vc_column width=\u00bb1\/3&#8243;][vc_single_image image=\u00bb18792&#8243; img_size=\u00bbmedium\u00bb alignment=\u00bbcenter\u00bb css_animation=\u00bbbounceInUp\u00bb css=\u00bb\u00bb][\/vc_column][vc_column width=\u00bb1\/3&#8243;][vc_column_text css=\u00bb\u00bb]<\/p>\n<div>\n<h3>Otros servicios de reparaci\u00f3n disponibles<\/h3>\n<ul>\n<li>Reparaci\u00f3n ordenador Windows<\/li>\n<li>Reparaci\u00f3n ordenador Mac OS<\/li>\n<li>Reparaci\u00f3n ordenador Linux<\/li>\n<li>Reparaci\u00f3n placa base<\/li>\n<li>Sustituci\u00f3n tarjeta gr\u00e1fica<\/li>\n<li>Cambio de la fuente de alimentaci\u00f3n<\/li>\n<li>Sustituci\u00f3n del disco duro, copia de seguridad<\/li>\n<li>Reparaci\u00f3n tarjeta de sonido<\/li>\n<li>Reparaci\u00f3n de red de \u00e1rea local<\/li>\n<li>Instalaci\u00f3n drivers, controladores<\/li>\n<li>Reparaci\u00f3n Windows 95\/98\/NT4.0\/2000\/XP\/Vista\/7\/8\/10<\/li>\n<li>Reinstalaci\u00f3n sistema operativo<\/li>\n<li>Eliminaci\u00f3n de virus o troyanos<\/li>\n<li>Mejora del ordenador<\/li>\n<li>&#8230;<\/li>\n<\/ul>\n<\/div>\n<p>[\/vc_column_text][\/vc_column][vc_column width=\u00bb1\/3&#8243;][vc_single_image image=\u00bb18856&#8243; img_size=\u00bbmedium\u00bb alignment=\u00bbcenter\u00bb css_animation=\u00bbzoomIn\u00bb css=\u00bb\u00bb][\/vc_column][\/vc_row]<\/p>\n<\/div>","protected":false},"excerpt":{"rendered":"<p>[vc_row][vc_column][vc_column_text css=\u00bb\u00bb] Servicios Inform\u00e1ticos, Asistencia y reparaci\u00f3n PC e Apple en Chamonix, Meg\u00e8ve y Sallanches [\/vc_column_text][\/vc_column][\/vc_row][vc_row][vc_column][vc_column_text css=\u00bb\u00bb] Reparaci\u00f3n y soluci\u00f3n de problemas en computadoras Apple y computadoras con Windows Easyclix<\/p>\n","protected":false},"author":1,"featured_media":0,"parent":857,"menu_order":0,"comment_status":"closed","ping_status":"closed","template":"","meta":{"footnotes":""},"class_list":["post-883","page","type-page","status-publish","hentry"],"yoast_head":"<!-- This site is optimized with the Yoast SEO plugin v27.2 - https:\/\/yoast.com\/product\/yoast-seo-wordpress\/ -->\n<title>Servicios Inform\u00e1ticos, Asistencia y reparaci\u00f3n en Chamonix, Meg\u00e8ve y Sallanches - Easyclix<\/title>\n<meta name=\"robots\" content=\"index, follow, max-snippet:-1, max-image-preview:large, max-video-preview:-1\" \/>\n<link rel=\"canonical\" href=\"https:\/\/www.easyclix.fr\/es\/chamonix-megeve-sallanches\/reparacion-ordenadores-asistencia-informatica\/\" \/>\n<meta property=\"og:locale\" content=\"es_ES\" \/>\n<meta property=\"og:type\" content=\"article\" \/>\n<meta property=\"og:title\" content=\"Servicios Inform\u00e1ticos, Asistencia y reparaci\u00f3n en Chamonix, Meg\u00e8ve y Sallanches - Easyclix\" \/>\n<meta property=\"og:description\" content=\"[vc_row][vc_column][vc_column_text css=\u00bb\u00bb] Servicios Inform\u00e1ticos, Asistencia y reparaci\u00f3n PC e Apple en Chamonix, Meg\u00e8ve y Sallanches [\/vc_column_text][\/vc_column][\/vc_row][vc_row][vc_column][vc_column_text css=\u00bb\u00bb] Reparaci\u00f3n y soluci\u00f3n de problemas en computadoras Apple y computadoras con Windows Easyclix\" \/>\n<meta property=\"og:url\" content=\"https:\/\/www.easyclix.fr\/es\/chamonix-megeve-sallanches\/reparacion-ordenadores-asistencia-informatica\/\" \/>\n<meta property=\"og:site_name\" content=\"Easyclix\" \/>\n<meta property=\"article:publisher\" content=\"https:\/\/www.facebook.com\/eurl.easyclix\" \/>\n<meta property=\"article:modified_time\" content=\"2024-08-02T12:56:15+00:00\" \/>\n<meta name=\"twitter:card\" content=\"summary_large_image\" \/>\n<meta name=\"twitter:label1\" content=\"Tiempo de lectura\" \/>\n\t<meta name=\"twitter:data1\" content=\"4 minutos\" \/>\n<script type=\"application\/ld+json\" class=\"yoast-schema-graph\">{\"@context\":\"https:\/\/schema.org\",\"@graph\":[{\"@type\":\"WebPage\",\"@id\":\"https:\/\/www.easyclix.fr\/es\/chamonix-megeve-sallanches\/reparacion-ordenadores-asistencia-informatica\/\",\"url\":\"https:\/\/www.easyclix.fr\/es\/chamonix-megeve-sallanches\/reparacion-ordenadores-asistencia-informatica\/\",\"name\":\"Servicios Inform\u00e1ticos, Asistencia y reparaci\u00f3n en Chamonix, Meg\u00e8ve y Sallanches - Easyclix\",\"isPartOf\":{\"@id\":\"https:\/\/www.easyclix.fr\/es\/#website\"},\"datePublished\":\"2016-12-28T10:37:31+00:00\",\"dateModified\":\"2024-08-02T12:56:15+00:00\",\"breadcrumb\":{\"@id\":\"https:\/\/www.easyclix.fr\/es\/chamonix-megeve-sallanches\/reparacion-ordenadores-asistencia-informatica\/#breadcrumb\"},\"inLanguage\":\"es\",\"potentialAction\":[{\"@type\":\"ReadAction\",\"target\":[\"https:\/\/www.easyclix.fr\/es\/chamonix-megeve-sallanches\/reparacion-ordenadores-asistencia-informatica\/\"]}]},{\"@type\":\"BreadcrumbList\",\"@id\":\"https:\/\/www.easyclix.fr\/es\/chamonix-megeve-sallanches\/reparacion-ordenadores-asistencia-informatica\/#breadcrumb\",\"itemListElement\":[{\"@type\":\"ListItem\",\"position\":1,\"name\":\"Accueil\",\"item\":\"https:\/\/www.easyclix.fr\/es\/\"},{\"@type\":\"ListItem\",\"position\":2,\"name\":\"Chamonix Meg\u00e8ve Sallanches\",\"item\":\"https:\/\/www.easyclix.fr\/es\/chamonix\/\"},{\"@type\":\"ListItem\",\"position\":3,\"name\":\"Servicios Inform\u00e1ticos, Asistencia y reparaci\u00f3n en Chamonix, Meg\u00e8ve y Sallanches\"}]},{\"@type\":\"WebSite\",\"@id\":\"https:\/\/www.easyclix.fr\/es\/#website\",\"url\":\"https:\/\/www.easyclix.fr\/es\/\",\"name\":\"Easyclix\",\"description\":\"\",\"publisher\":{\"@id\":\"https:\/\/www.easyclix.fr\/es\/#organization\"},\"potentialAction\":[{\"@type\":\"SearchAction\",\"target\":{\"@type\":\"EntryPoint\",\"urlTemplate\":\"https:\/\/www.easyclix.fr\/es\/?s={search_term_string}\"},\"query-input\":{\"@type\":\"PropertyValueSpecification\",\"valueRequired\":true,\"valueName\":\"search_term_string\"}}],\"inLanguage\":\"es\"},{\"@type\":\"Organization\",\"@id\":\"https:\/\/www.easyclix.fr\/es\/#organization\",\"name\":\"Easyclix\",\"url\":\"https:\/\/www.easyclix.fr\/es\/\",\"logo\":{\"@type\":\"ImageObject\",\"inLanguage\":\"es\",\"@id\":\"https:\/\/www.easyclix.fr\/es\/#\/schema\/logo\/image\/\",\"url\":\"https:\/\/www.easyclix.fr\/wp-content\/uploads\/2016\/12\/logo-easyclix.jpg\",\"contentUrl\":\"https:\/\/www.easyclix.fr\/wp-content\/uploads\/2016\/12\/logo-easyclix.jpg\",\"width\":162,\"height\":95,\"caption\":\"Easyclix\"},\"image\":{\"@id\":\"https:\/\/www.easyclix.fr\/es\/#\/schema\/logo\/image\/\"},\"sameAs\":[\"https:\/\/www.facebook.com\/eurl.easyclix\",\"https:\/\/www.linkedin.com\/company\/easyclix\/\"]}]}<\/script>\n<!-- \/ Yoast SEO plugin. -->","yoast_head_json":{"title":"Servicios Inform\u00e1ticos, Asistencia y reparaci\u00f3n en Chamonix, Meg\u00e8ve y Sallanches - Easyclix","robots":{"index":"index","follow":"follow","max-snippet":"max-snippet:-1","max-image-preview":"max-image-preview:large","max-video-preview":"max-video-preview:-1"},"canonical":"https:\/\/www.easyclix.fr\/es\/chamonix-megeve-sallanches\/reparacion-ordenadores-asistencia-informatica\/","og_locale":"es_ES","og_type":"article","og_title":"Servicios Inform\u00e1ticos, Asistencia y reparaci\u00f3n en Chamonix, Meg\u00e8ve y Sallanches - Easyclix","og_description":"[vc_row][vc_column][vc_column_text css=\u00bb\u00bb] Servicios Inform\u00e1ticos, Asistencia y reparaci\u00f3n PC e Apple en Chamonix, Meg\u00e8ve y Sallanches [\/vc_column_text][\/vc_column][\/vc_row][vc_row][vc_column][vc_column_text css=\u00bb\u00bb] Reparaci\u00f3n y soluci\u00f3n de problemas en computadoras Apple y computadoras con Windows Easyclix","og_url":"https:\/\/www.easyclix.fr\/es\/chamonix-megeve-sallanches\/reparacion-ordenadores-asistencia-informatica\/","og_site_name":"Easyclix","article_publisher":"https:\/\/www.facebook.com\/eurl.easyclix","article_modified_time":"2024-08-02T12:56:15+00:00","twitter_card":"summary_large_image","twitter_misc":{"Tiempo de lectura":"4 minutos"},"schema":{"@context":"https:\/\/schema.org","@graph":[{"@type":"WebPage","@id":"https:\/\/www.easyclix.fr\/es\/chamonix-megeve-sallanches\/reparacion-ordenadores-asistencia-informatica\/","url":"https:\/\/www.easyclix.fr\/es\/chamonix-megeve-sallanches\/reparacion-ordenadores-asistencia-informatica\/","name":"Servicios Inform\u00e1ticos, Asistencia y reparaci\u00f3n en Chamonix, Meg\u00e8ve y Sallanches - Easyclix","isPartOf":{"@id":"https:\/\/www.easyclix.fr\/es\/#website"},"datePublished":"2016-12-28T10:37:31+00:00","dateModified":"2024-08-02T12:56:15+00:00","breadcrumb":{"@id":"https:\/\/www.easyclix.fr\/es\/chamonix-megeve-sallanches\/reparacion-ordenadores-asistencia-informatica\/#breadcrumb"},"inLanguage":"es","potentialAction":[{"@type":"ReadAction","target":["https:\/\/www.easyclix.fr\/es\/chamonix-megeve-sallanches\/reparacion-ordenadores-asistencia-informatica\/"]}]},{"@type":"BreadcrumbList","@id":"https:\/\/www.easyclix.fr\/es\/chamonix-megeve-sallanches\/reparacion-ordenadores-asistencia-informatica\/#breadcrumb","itemListElement":[{"@type":"ListItem","position":1,"name":"Accueil","item":"https:\/\/www.easyclix.fr\/es\/"},{"@type":"ListItem","position":2,"name":"Chamonix Meg\u00e8ve Sallanches","item":"https:\/\/www.easyclix.fr\/es\/chamonix\/"},{"@type":"ListItem","position":3,"name":"Servicios Inform\u00e1ticos, Asistencia y reparaci\u00f3n en Chamonix, Meg\u00e8ve y Sallanches"}]},{"@type":"WebSite","@id":"https:\/\/www.easyclix.fr\/es\/#website","url":"https:\/\/www.easyclix.fr\/es\/","name":"Easyclix","description":"","publisher":{"@id":"https:\/\/www.easyclix.fr\/es\/#organization"},"potentialAction":[{"@type":"SearchAction","target":{"@type":"EntryPoint","urlTemplate":"https:\/\/www.easyclix.fr\/es\/?s={search_term_string}"},"query-input":{"@type":"PropertyValueSpecification","valueRequired":true,"valueName":"search_term_string"}}],"inLanguage":"es"},{"@type":"Organization","@id":"https:\/\/www.easyclix.fr\/es\/#organization","name":"Easyclix","url":"https:\/\/www.easyclix.fr\/es\/","logo":{"@type":"ImageObject","inLanguage":"es","@id":"https:\/\/www.easyclix.fr\/es\/#\/schema\/logo\/image\/","url":"https:\/\/www.easyclix.fr\/wp-content\/uploads\/2016\/12\/logo-easyclix.jpg","contentUrl":"https:\/\/www.easyclix.fr\/wp-content\/uploads\/2016\/12\/logo-easyclix.jpg","width":162,"height":95,"caption":"Easyclix"},"image":{"@id":"https:\/\/www.easyclix.fr\/es\/#\/schema\/logo\/image\/"},"sameAs":["https:\/\/www.facebook.com\/eurl.easyclix","https:\/\/www.linkedin.com\/company\/easyclix\/"]}]}},"_links":{"self":[{"href":"https:\/\/www.easyclix.fr\/es\/wp-json\/wp\/v2\/pages\/883","targetHints":{"allow":["GET"]}}],"collection":[{"href":"https:\/\/www.easyclix.fr\/es\/wp-json\/wp\/v2\/pages"}],"about":[{"href":"https:\/\/www.easyclix.fr\/es\/wp-json\/wp\/v2\/types\/page"}],"author":[{"embeddable":true,"href":"https:\/\/www.easyclix.fr\/es\/wp-json\/wp\/v2\/users\/1"}],"replies":[{"embeddable":true,"href":"https:\/\/www.easyclix.fr\/es\/wp-json\/wp\/v2\/comments?post=883"}],"version-history":[{"count":9,"href":"https:\/\/www.easyclix.fr\/es\/wp-json\/wp\/v2\/pages\/883\/revisions"}],"predecessor-version":[{"id":20399,"href":"https:\/\/www.easyclix.fr\/es\/wp-json\/wp\/v2\/pages\/883\/revisions\/20399"}],"up":[{"embeddable":true,"href":"https:\/\/www.easyclix.fr\/es\/wp-json\/wp\/v2\/pages\/857"}],"wp:attachment":[{"href":"https:\/\/www.easyclix.fr\/es\/wp-json\/wp\/v2\/media?parent=883"}],"curies":[{"name":"wp","href":"https:\/\/api.w.org\/{rel}","templated":true}]}}