{"id":889,"date":"2016-12-28T11:38:19","date_gmt":"2016-12-28T10:38:19","guid":{"rendered":"https:\/\/www.easyclix.fr\/?page_id=889\/"},"modified":"2024-08-02T15:13:23","modified_gmt":"2024-08-02T13:13:23","slug":"instalacion-internet-adsl-satelite","status":"publish","type":"page","link":"https:\/\/www.easyclix.fr\/es\/chamonix-megeve-sallanches\/instalacion-internet-adsl-satelite\/","title":{"rendered":"Instalaci\u00f3n de Internet en Chamonix, Meg\u00e8ve y Sallanches"},"content":{"rendered":"<div class=\"wpb-content-wrapper\"><p>[vc_row][vc_column]\n\t\t\t<!-- START diapov5 REVOLUTION SLIDER 6.7.41 --><p class=\"rs-p-wp-fix\"><\/p>\n\t\t\t<rs-module-wrap id=\"rev_slider_8_1_wrapper\" data-source=\"gallery\" style=\"visibility:hidden;background:transparent;padding:0;margin:0px auto;margin-top:0;margin-bottom:0;\">\n\t\t\t\t<rs-module id=\"rev_slider_8_1\" style=\"\" data-version=\"6.7.41\">\n\t\t\t\t\t<rs-slides style=\"overflow: hidden; position: absolute;\">\n\t\t\t\t\t\t<rs-slide style=\"position: absolute;\" data-key=\"rs-79\" data-title=\"#1\" data-in=\"o:0;\" data-out=\"a:false;\">\n\t\t\t\t\t\t\t<img decoding=\"async\" src=\"\/\/www.easyclix.fr\/wp-content\/plugins\/revslider\/sr6\/assets\/assets\/dummy.png\" alt=\"\" title=\"v5-img1-min\" width=\"1917\" height=\"428\" class=\"rev-slidebg tp-rs-img rs-lazyload\" data-lazyload=\"\/\/www.easyclix.fr\/wp-content\/uploads\/2024\/07\/v5-img1-min.png\" data-no-retina>\n<!---->\t\t\t\t\t<\/rs-slide>\n\t\t\t\t\t\t<rs-slide style=\"position: absolute;\" data-key=\"rs-81\" data-title=\"Slide\" data-in=\"o:0;\" data-out=\"a:false;\">\n\t\t\t\t\t\t\t<img decoding=\"async\" src=\"\/\/www.easyclix.fr\/wp-content\/plugins\/revslider\/sr6\/assets\/assets\/dummy.png\" alt=\"\" title=\"v5-img3-min\" width=\"1919\" height=\"425\" class=\"rev-slidebg tp-rs-img rs-lazyload\" data-lazyload=\"\/\/www.easyclix.fr\/wp-content\/uploads\/2024\/07\/v5-img3-min.png\" data-no-retina>\n<!---->\t\t\t\t\t<\/rs-slide>\n\t\t\t\t\t\t<rs-slide style=\"position: absolute;\" data-key=\"rs-82\" data-title=\"Slide\" data-in=\"o:0;\" data-out=\"a:false;\">\n\t\t\t\t\t\t\t<img decoding=\"async\" src=\"\/\/www.easyclix.fr\/wp-content\/plugins\/revslider\/sr6\/assets\/assets\/dummy.png\" alt=\"\" title=\"v5-img4-min\" width=\"1918\" height=\"428\" class=\"rev-slidebg tp-rs-img rs-lazyload\" data-lazyload=\"\/\/www.easyclix.fr\/wp-content\/uploads\/2024\/07\/v5-img4-min.png\" data-no-retina>\n<!---->\t\t\t\t\t<\/rs-slide>\n\t\t\t\t\t\t<rs-slide style=\"position: absolute;\" data-key=\"rs-83\" data-title=\"Slide\" data-in=\"o:0;\" data-out=\"a:false;\">\n\t\t\t\t\t\t\t<img decoding=\"async\" src=\"\/\/www.easyclix.fr\/wp-content\/plugins\/revslider\/sr6\/assets\/assets\/dummy.png\" alt=\"\" title=\"v5-img5-min\" width=\"1920\" height=\"428\" class=\"rev-slidebg tp-rs-img rs-lazyload\" data-lazyload=\"\/\/www.easyclix.fr\/wp-content\/uploads\/2024\/07\/v5-img5-min.png\" data-no-retina>\n<!---->\t\t\t\t\t<\/rs-slide>\n\t\t\t\t\t\t<rs-slide style=\"position: absolute;\" data-key=\"rs-84\" data-title=\"Slide\" data-in=\"o:0;\" data-out=\"a:false;\">\n\t\t\t\t\t\t\t<img decoding=\"async\" src=\"\/\/www.easyclix.fr\/wp-content\/plugins\/revslider\/sr6\/assets\/assets\/dummy.png\" alt=\"\" title=\"v5-img6-min\" width=\"1920\" height=\"428\" class=\"rev-slidebg tp-rs-img rs-lazyload\" data-lazyload=\"\/\/www.easyclix.fr\/wp-content\/uploads\/2024\/07\/v5-img6-min.png\" data-no-retina>\n<!---->\t\t\t\t\t<\/rs-slide>\n\t\t\t\t\t\t<rs-slide style=\"position: absolute;\" data-key=\"rs-85\" data-title=\"Slide\" data-in=\"o:0;\" data-out=\"a:false;\">\n\t\t\t\t\t\t\t<img decoding=\"async\" src=\"\/\/www.easyclix.fr\/wp-content\/plugins\/revslider\/sr6\/assets\/assets\/dummy.png\" alt=\"\" title=\"v5-img7-min\" width=\"1920\" height=\"428\" class=\"rev-slidebg tp-rs-img rs-lazyload\" data-lazyload=\"\/\/www.easyclix.fr\/wp-content\/uploads\/2024\/07\/v5-img7-min.png\" data-no-retina>\n<!---->\t\t\t\t\t<\/rs-slide>\n\t\t\t\t\t\t<rs-slide style=\"position: absolute;\" data-key=\"rs-86\" data-title=\"Slide\" data-in=\"o:0;\" data-out=\"a:false;\">\n\t\t\t\t\t\t\t<img decoding=\"async\" src=\"\/\/www.easyclix.fr\/wp-content\/plugins\/revslider\/sr6\/assets\/assets\/dummy.png\" alt=\"\" title=\"v5-img8-min\" width=\"1920\" height=\"428\" class=\"rev-slidebg tp-rs-img rs-lazyload\" data-lazyload=\"\/\/www.easyclix.fr\/wp-content\/uploads\/2024\/07\/v5-img8-min.png\" data-no-retina>\n<!---->\t\t\t\t\t<\/rs-slide>\n\t\t\t\t\t\t<rs-slide style=\"position: absolute;\" data-key=\"rs-87\" data-title=\"Slide\" data-in=\"o:0;\" data-out=\"a:false;\">\n\t\t\t\t\t\t\t<img decoding=\"async\" src=\"\/\/www.easyclix.fr\/wp-content\/plugins\/revslider\/sr6\/assets\/assets\/dummy.png\" alt=\"\" title=\"v5-img9-min\" width=\"1920\" height=\"428\" class=\"rev-slidebg tp-rs-img rs-lazyload\" data-lazyload=\"\/\/www.easyclix.fr\/wp-content\/uploads\/2024\/07\/v5-img9-min.png\" data-no-retina>\n<!---->\t\t\t\t\t<\/rs-slide>\n\t\t\t\t\t\t<rs-slide style=\"position: absolute;\" data-key=\"rs-89\" data-title=\"Slide\" data-in=\"o:0;\" data-out=\"a:false;\">\n\t\t\t\t\t\t\t<img decoding=\"async\" src=\"\/\/www.easyclix.fr\/wp-content\/plugins\/revslider\/sr6\/assets\/assets\/dummy.png\" alt=\"\" title=\"v5-img11-min\" width=\"1920\" height=\"428\" class=\"rev-slidebg tp-rs-img rs-lazyload\" data-lazyload=\"\/\/www.easyclix.fr\/wp-content\/uploads\/2024\/07\/v5-img11-min.png\" data-no-retina>\n<!---->\t\t\t\t\t<\/rs-slide>\n\t\t\t\t\t\t<rs-slide style=\"position: absolute;\" data-key=\"rs-90\" data-title=\"Slide\" data-in=\"o:0;\" data-out=\"a:false;\">\n\t\t\t\t\t\t\t<img decoding=\"async\" src=\"\/\/www.easyclix.fr\/wp-content\/plugins\/revslider\/sr6\/assets\/assets\/dummy.png\" alt=\"\" title=\"v5-img11-min\" width=\"1920\" height=\"428\" class=\"rev-slidebg tp-rs-img rs-lazyload\" data-lazyload=\"\/\/www.easyclix.fr\/wp-content\/uploads\/2024\/07\/v5-img11-min.png\" data-no-retina>\n<!---->\t\t\t\t\t<\/rs-slide>\n\t\t\t\t\t<\/rs-slides>\n\t\t\t\t<\/rs-module>\n\t\t\t\t<script>\n\t\t\t\t\tsetREVStartSize({c: 'rev_slider_8_1',rl:[1240,1024,778,480],el:[428],gw:[1920],gh:[428],type:'standard',justify:'',layout:'fullwidth',mh:\"0\"});if (window.RS_MODULES!==undefined && window.RS_MODULES.modules!==undefined && window.RS_MODULES.modules[\"revslider81\"]!==undefined) {window.RS_MODULES.modules[\"revslider81\"].once = false;window.revapi8 = undefined;if (window.RS_MODULES.checkMinimal!==undefined) window.RS_MODULES.checkMinimal()}\n\t\t\t\t<\/script>\n\t\t\t<\/rs-module-wrap>\n\t\t\t<!-- END REVOLUTION SLIDER -->\n<div class=\"dfd-spacer-module\"  data-units=\"px\" data-wide_resolution=\"1280\" data-wide_size=\"40\" data-normal_resolution=\"1024\" data-normal_size=\"40\" data-tablet_resolution=\"800\" data-tablet_size=\"40\" data-mobile_resolution=\"480\" data-mobile_size=\"40\" style=\"height: 40px;\"><\/div>[vc_column_text css=\u00bb\u00bb]<\/p>\n<h1 style=\"text-align: center;\">Instalaci\u00f3n de Internet en Chamonix, Meg\u00e8ve y Sallanches<\/h1>\n<p>[\/vc_column_text]<div class=\"dfd-spacer-module\"  data-units=\"px\" data-wide_resolution=\"1280\" data-wide_size=\"40\" data-normal_resolution=\"1024\" data-normal_size=\"40\" data-tablet_resolution=\"800\" data-tablet_size=\"40\" data-mobile_resolution=\"480\" data-mobile_size=\"40\" style=\"height: 40px;\"><\/div>[\/vc_column][\/vc_row][vc_row][vc_column][vc_column_text css=\u00bb\u00bb]<\/p>\n<p style=\"text-align: center;\">Easyclix lleva a cabo la instalaci\u00f3n de routers ADSL (tambi\u00e9n llamados Box en Francia) en Chamonix y sus alrededores.<br \/>\nEl servicio incluye la conexi\u00f3n de todos sus dispositivos (ordenadores port\u00e1tiles y de sobremesa, iPad, iPhone y otros smartphones que puedan conectarse a internet), del cableado de los aparatos que no dispongan de wifi y de la configuraci\u00f3n del resto de elementos (servidor de copias de seguridad, configuraci\u00f3n de wifi en WEP o WPA, cambio de SSID y clave de red, DNS, DMZ y otros par\u00e1metros).<\/p>\n<h3 style=\"text-align: center;\">\u00bf Qu\u00e9 es un router xDSL o Fibra ?<\/h3>\n<p style=\"text-align: center;\">Un router ADSL es un aparato conectado directamente a la toma de tel\u00e9fono que hace la funci\u00f3n de m\u00f3dem ADSL.<br \/>\nEn pocas palabras, este peque\u00f1o dispositivo le permite tener acceso a internet mediante la contrataci\u00f3n del servicio con un proveedor de acceso a internet<br \/>\n(los m\u00e1s utilizados en Chamonix son Orange, SFR y Bouygues por la calidad de sus respectivas redes).<\/p>\n<p>[\/vc_column_text][\/vc_column][\/vc_row][vc_row][vc_column]<div class=\"dfd-spacer-module\"  data-units=\"px\" data-wide_resolution=\"1280\" data-wide_size=\"60\" data-normal_resolution=\"1024\" data-normal_size=\"60\" data-tablet_resolution=\"800\" data-tablet_size=\"60\" data-mobile_resolution=\"480\" data-mobile_size=\"60\" style=\"height: 60px;\"><\/div>[\/vc_column][\/vc_row][vc_row][vc_column][vc_single_image image=\u00bb2572&#8243; img_size=\u00bbfull\u00bb alignment=\u00bbcenter\u00bb][\/vc_column][\/vc_row][vc_row][vc_column]<div class=\"dfd-spacer-module\"  data-units=\"px\" data-wide_resolution=\"1280\" data-wide_size=\"60\" data-normal_resolution=\"1024\" data-normal_size=\"60\" data-tablet_resolution=\"800\" data-tablet_size=\"60\" data-mobile_resolution=\"480\" data-mobile_size=\"60\" style=\"height: 60px;\"><\/div>[\/vc_column][\/vc_row][vc_row][vc_column][vc_column_text css=\u00bb\u00bb]<\/p>\n<p style=\"text-align: center;\">Un router le ofrece un punto de acceso wifi en su hogar y proporciona conexi\u00f3n a internet a todo tipo de equipos de que disponga, ya sea un ordenador port\u00e1til o de sobremesa, tel\u00e9fono m\u00f3vil inteligente, iPod Touch, iPad, etc.<\/p>\n<p style=\"text-align: center;\">Desde hace poco, los routers de las grandes compa\u00f1\u00edas de internet francesas tambi\u00e9n le ofrecen la posibilidad de disponer de un tel\u00e9fono IP (tel\u00e9fono DECT), el cual permite, una vez conectado al router, hacer llamadas gratuitas a n\u00fameros de tel\u00e9fono fijo en Francia, y a veces incluso al extranjero (Free ofrece este servicio de llamadas gratuitas a 130 destinos).<\/p>\n<p>&nbsp;<\/p>\n<h3 style=\"text-align: center;\">Instalaci\u00f3n de un Router para tener acceso a Internet en Chamonix<\/h3>\n<p style=\"text-align: center;\">Instalar un router y todo el equipo complementario puede suponer una tarea dif\u00edcil para un usuario sin experiencia.<\/p>\n<p style=\"text-align: center;\">Easyclix puede llevar a cabo la instalaci\u00f3n del router y de todo el conjunto de componentes en su casa u oficina y conectar todos los dispositivos electr\u00f3nicos que utilice, ya sea por cable o por wifi.<\/p>\n<p style=\"text-align: center;\">Esta instalaci\u00f3n suele durar como m\u00e1ximo una hora, siempre que haya contratado ya un servicio de ADSL con un operador y que las tomas de tel\u00e9fono de su domicilio funcionen de forma adecuada (*).<\/p>\n<p style=\"text-align: center;\">Si a\u00fan no ha contratado el servicio, Easyclix puede ayudarle con los tr\u00e1mites y encargarse de recoger el material necesario por usted.<\/p>\n<p style=\"text-align: center;\">(*) Nosotros no podemos manipular la toma de tel\u00e9fono, ya que no estamos autorizados a modificar el material instalado en un primer momento por France T\u00e9l\u00e9com.<\/p>\n<p>[\/vc_column_text][\/vc_column][\/vc_row]<\/p>\n<\/div>","protected":false},"excerpt":{"rendered":"<p>[vc_row][vc_column][vc_column_text css=\u00bb\u00bb] Instalaci\u00f3n de Internet en Chamonix, Meg\u00e8ve y Sallanches [\/vc_column_text][\/vc_column][\/vc_row][vc_row][vc_column][vc_column_text css=\u00bb\u00bb] Easyclix lleva a cabo la instalaci\u00f3n de routers ADSL (tambi\u00e9n llamados Box en Francia) en Chamonix y sus<\/p>\n","protected":false},"author":1,"featured_media":0,"parent":857,"menu_order":0,"comment_status":"closed","ping_status":"closed","template":"","meta":{"footnotes":""},"class_list":["post-889","page","type-page","status-publish","hentry"],"yoast_head":"<!-- This site is optimized with the Yoast SEO plugin v27.5 - https:\/\/yoast.com\/product\/yoast-seo-wordpress\/ -->\n<title>Instalaci\u00f3n internet Chamonix, Meg\u00e8ve y Sallanches per Easyclix<\/title>\n<meta name=\"robots\" content=\"index, follow, max-snippet:-1, max-image-preview:large, max-video-preview:-1\" \/>\n<link rel=\"canonical\" href=\"https:\/\/www.easyclix.fr\/es\/chamonix-megeve-sallanches\/instalacion-internet-adsl-satelite\/\" \/>\n<meta property=\"og:locale\" content=\"es_ES\" \/>\n<meta property=\"og:type\" content=\"article\" \/>\n<meta property=\"og:title\" content=\"Instalaci\u00f3n internet Chamonix, Meg\u00e8ve y Sallanches per Easyclix\" \/>\n<meta property=\"og:description\" content=\"[vc_row][vc_column][vc_column_text css=\u00bb\u00bb] Instalaci\u00f3n de Internet en Chamonix, Meg\u00e8ve y Sallanches [\/vc_column_text][\/vc_column][\/vc_row][vc_row][vc_column][vc_column_text css=\u00bb\u00bb] Easyclix lleva a cabo la instalaci\u00f3n de routers ADSL (tambi\u00e9n llamados Box en Francia) en Chamonix y sus\" \/>\n<meta property=\"og:url\" content=\"https:\/\/www.easyclix.fr\/es\/chamonix-megeve-sallanches\/instalacion-internet-adsl-satelite\/\" \/>\n<meta property=\"og:site_name\" content=\"Easyclix\" \/>\n<meta property=\"article:publisher\" content=\"https:\/\/www.facebook.com\/eurl.easyclix\" \/>\n<meta property=\"article:modified_time\" content=\"2024-08-02T13:13:23+00:00\" \/>\n<meta name=\"twitter:card\" content=\"summary_large_image\" \/>\n<meta name=\"twitter:label1\" content=\"Tiempo de lectura\" \/>\n\t<meta name=\"twitter:data1\" content=\"3 minutos\" \/>\n<script type=\"application\/ld+json\" class=\"yoast-schema-graph\">{\"@context\":\"https:\\\/\\\/schema.org\",\"@graph\":[{\"@type\":\"WebPage\",\"@id\":\"https:\\\/\\\/www.easyclix.fr\\\/es\\\/chamonix-megeve-sallanches\\\/instalacion-internet-adsl-satelite\\\/\",\"url\":\"https:\\\/\\\/www.easyclix.fr\\\/es\\\/chamonix-megeve-sallanches\\\/instalacion-internet-adsl-satelite\\\/\",\"name\":\"Instalaci\u00f3n internet Chamonix, Meg\u00e8ve y Sallanches per Easyclix\",\"isPartOf\":{\"@id\":\"https:\\\/\\\/www.easyclix.fr\\\/es\\\/#website\"},\"datePublished\":\"2016-12-28T10:38:19+00:00\",\"dateModified\":\"2024-08-02T13:13:23+00:00\",\"breadcrumb\":{\"@id\":\"https:\\\/\\\/www.easyclix.fr\\\/es\\\/chamonix-megeve-sallanches\\\/instalacion-internet-adsl-satelite\\\/#breadcrumb\"},\"inLanguage\":\"es\",\"potentialAction\":[{\"@type\":\"ReadAction\",\"target\":[\"https:\\\/\\\/www.easyclix.fr\\\/es\\\/chamonix-megeve-sallanches\\\/instalacion-internet-adsl-satelite\\\/\"]}]},{\"@type\":\"BreadcrumbList\",\"@id\":\"https:\\\/\\\/www.easyclix.fr\\\/es\\\/chamonix-megeve-sallanches\\\/instalacion-internet-adsl-satelite\\\/#breadcrumb\",\"itemListElement\":[{\"@type\":\"ListItem\",\"position\":1,\"name\":\"Accueil\",\"item\":\"https:\\\/\\\/www.easyclix.fr\\\/es\\\/\"},{\"@type\":\"ListItem\",\"position\":2,\"name\":\"Chamonix Meg\u00e8ve Sallanches\",\"item\":\"https:\\\/\\\/www.easyclix.fr\\\/es\\\/chamonix\\\/\"},{\"@type\":\"ListItem\",\"position\":3,\"name\":\"Instalaci\u00f3n de Internet en Chamonix, Meg\u00e8ve y Sallanches\"}]},{\"@type\":\"WebSite\",\"@id\":\"https:\\\/\\\/www.easyclix.fr\\\/es\\\/#website\",\"url\":\"https:\\\/\\\/www.easyclix.fr\\\/es\\\/\",\"name\":\"Easyclix\",\"description\":\"\",\"publisher\":{\"@id\":\"https:\\\/\\\/www.easyclix.fr\\\/es\\\/#organization\"},\"potentialAction\":[{\"@type\":\"SearchAction\",\"target\":{\"@type\":\"EntryPoint\",\"urlTemplate\":\"https:\\\/\\\/www.easyclix.fr\\\/es\\\/?s={search_term_string}\"},\"query-input\":{\"@type\":\"PropertyValueSpecification\",\"valueRequired\":true,\"valueName\":\"search_term_string\"}}],\"inLanguage\":\"es\"},{\"@type\":\"Organization\",\"@id\":\"https:\\\/\\\/www.easyclix.fr\\\/es\\\/#organization\",\"name\":\"Easyclix\",\"url\":\"https:\\\/\\\/www.easyclix.fr\\\/es\\\/\",\"logo\":{\"@type\":\"ImageObject\",\"inLanguage\":\"es\",\"@id\":\"https:\\\/\\\/www.easyclix.fr\\\/es\\\/#\\\/schema\\\/logo\\\/image\\\/\",\"url\":\"https:\\\/\\\/www.easyclix.fr\\\/wp-content\\\/uploads\\\/2016\\\/12\\\/logo-easyclix.jpg\",\"contentUrl\":\"https:\\\/\\\/www.easyclix.fr\\\/wp-content\\\/uploads\\\/2016\\\/12\\\/logo-easyclix.jpg\",\"width\":162,\"height\":95,\"caption\":\"Easyclix\"},\"image\":{\"@id\":\"https:\\\/\\\/www.easyclix.fr\\\/es\\\/#\\\/schema\\\/logo\\\/image\\\/\"},\"sameAs\":[\"https:\\\/\\\/www.facebook.com\\\/eurl.easyclix\",\"https:\\\/\\\/www.linkedin.com\\\/company\\\/easyclix\\\/\"]}]}<\/script>\n<!-- \/ Yoast SEO plugin. -->","yoast_head_json":{"title":"Instalaci\u00f3n internet Chamonix, Meg\u00e8ve y Sallanches per Easyclix","robots":{"index":"index","follow":"follow","max-snippet":"max-snippet:-1","max-image-preview":"max-image-preview:large","max-video-preview":"max-video-preview:-1"},"canonical":"https:\/\/www.easyclix.fr\/es\/chamonix-megeve-sallanches\/instalacion-internet-adsl-satelite\/","og_locale":"es_ES","og_type":"article","og_title":"Instalaci\u00f3n internet Chamonix, Meg\u00e8ve y Sallanches per Easyclix","og_description":"[vc_row][vc_column][vc_column_text css=\u00bb\u00bb] Instalaci\u00f3n de Internet en Chamonix, Meg\u00e8ve y Sallanches [\/vc_column_text][\/vc_column][\/vc_row][vc_row][vc_column][vc_column_text css=\u00bb\u00bb] Easyclix lleva a cabo la instalaci\u00f3n de routers ADSL (tambi\u00e9n llamados Box en Francia) en Chamonix y sus","og_url":"https:\/\/www.easyclix.fr\/es\/chamonix-megeve-sallanches\/instalacion-internet-adsl-satelite\/","og_site_name":"Easyclix","article_publisher":"https:\/\/www.facebook.com\/eurl.easyclix","article_modified_time":"2024-08-02T13:13:23+00:00","twitter_card":"summary_large_image","twitter_misc":{"Tiempo de lectura":"3 minutos"},"schema":{"@context":"https:\/\/schema.org","@graph":[{"@type":"WebPage","@id":"https:\/\/www.easyclix.fr\/es\/chamonix-megeve-sallanches\/instalacion-internet-adsl-satelite\/","url":"https:\/\/www.easyclix.fr\/es\/chamonix-megeve-sallanches\/instalacion-internet-adsl-satelite\/","name":"Instalaci\u00f3n internet Chamonix, Meg\u00e8ve y Sallanches per Easyclix","isPartOf":{"@id":"https:\/\/www.easyclix.fr\/es\/#website"},"datePublished":"2016-12-28T10:38:19+00:00","dateModified":"2024-08-02T13:13:23+00:00","breadcrumb":{"@id":"https:\/\/www.easyclix.fr\/es\/chamonix-megeve-sallanches\/instalacion-internet-adsl-satelite\/#breadcrumb"},"inLanguage":"es","potentialAction":[{"@type":"ReadAction","target":["https:\/\/www.easyclix.fr\/es\/chamonix-megeve-sallanches\/instalacion-internet-adsl-satelite\/"]}]},{"@type":"BreadcrumbList","@id":"https:\/\/www.easyclix.fr\/es\/chamonix-megeve-sallanches\/instalacion-internet-adsl-satelite\/#breadcrumb","itemListElement":[{"@type":"ListItem","position":1,"name":"Accueil","item":"https:\/\/www.easyclix.fr\/es\/"},{"@type":"ListItem","position":2,"name":"Chamonix Meg\u00e8ve Sallanches","item":"https:\/\/www.easyclix.fr\/es\/chamonix\/"},{"@type":"ListItem","position":3,"name":"Instalaci\u00f3n de Internet en Chamonix, Meg\u00e8ve y Sallanches"}]},{"@type":"WebSite","@id":"https:\/\/www.easyclix.fr\/es\/#website","url":"https:\/\/www.easyclix.fr\/es\/","name":"Easyclix","description":"","publisher":{"@id":"https:\/\/www.easyclix.fr\/es\/#organization"},"potentialAction":[{"@type":"SearchAction","target":{"@type":"EntryPoint","urlTemplate":"https:\/\/www.easyclix.fr\/es\/?s={search_term_string}"},"query-input":{"@type":"PropertyValueSpecification","valueRequired":true,"valueName":"search_term_string"}}],"inLanguage":"es"},{"@type":"Organization","@id":"https:\/\/www.easyclix.fr\/es\/#organization","name":"Easyclix","url":"https:\/\/www.easyclix.fr\/es\/","logo":{"@type":"ImageObject","inLanguage":"es","@id":"https:\/\/www.easyclix.fr\/es\/#\/schema\/logo\/image\/","url":"https:\/\/www.easyclix.fr\/wp-content\/uploads\/2016\/12\/logo-easyclix.jpg","contentUrl":"https:\/\/www.easyclix.fr\/wp-content\/uploads\/2016\/12\/logo-easyclix.jpg","width":162,"height":95,"caption":"Easyclix"},"image":{"@id":"https:\/\/www.easyclix.fr\/es\/#\/schema\/logo\/image\/"},"sameAs":["https:\/\/www.facebook.com\/eurl.easyclix","https:\/\/www.linkedin.com\/company\/easyclix\/"]}]}},"_links":{"self":[{"href":"https:\/\/www.easyclix.fr\/es\/wp-json\/wp\/v2\/pages\/889","targetHints":{"allow":["GET"]}}],"collection":[{"href":"https:\/\/www.easyclix.fr\/es\/wp-json\/wp\/v2\/pages"}],"about":[{"href":"https:\/\/www.easyclix.fr\/es\/wp-json\/wp\/v2\/types\/page"}],"author":[{"embeddable":true,"href":"https:\/\/www.easyclix.fr\/es\/wp-json\/wp\/v2\/users\/1"}],"replies":[{"embeddable":true,"href":"https:\/\/www.easyclix.fr\/es\/wp-json\/wp\/v2\/comments?post=889"}],"version-history":[{"count":7,"href":"https:\/\/www.easyclix.fr\/es\/wp-json\/wp\/v2\/pages\/889\/revisions"}],"predecessor-version":[{"id":20401,"href":"https:\/\/www.easyclix.fr\/es\/wp-json\/wp\/v2\/pages\/889\/revisions\/20401"}],"up":[{"embeddable":true,"href":"https:\/\/www.easyclix.fr\/es\/wp-json\/wp\/v2\/pages\/857"}],"wp:attachment":[{"href":"https:\/\/www.easyclix.fr\/es\/wp-json\/wp\/v2\/media?parent=889"}],"curies":[{"name":"wp","href":"https:\/\/api.w.org\/{rel}","templated":true}]}}