{"id":925,"date":"2016-12-28T11:49:38","date_gmt":"2016-12-28T10:49:38","guid":{"rendered":"https:\/\/www.easyclix.fr\/?page_id=925\/"},"modified":"2024-08-02T15:18:42","modified_gmt":"2024-08-02T13:18:42","slug":"prestacion-de-servicios-informaticos","status":"publish","type":"page","link":"https:\/\/www.easyclix.fr\/es\/chamonix-megeve-sallanches\/prestacion-de-servicios-informaticos\/","title":{"rendered":"Servicios Inform\u00e1ticos en Chamonix, Meg\u00e8ve y Sallanches"},"content":{"rendered":"<div class=\"wpb-content-wrapper\"><p>[vc_row][vc_column]\n\t\t\t<!-- START diapov5 REVOLUTION SLIDER 6.7.41 --><p class=\"rs-p-wp-fix\"><\/p>\n\t\t\t<rs-module-wrap id=\"rev_slider_8_1_wrapper\" data-source=\"gallery\" style=\"visibility:hidden;background:transparent;padding:0;margin:0px auto;margin-top:0;margin-bottom:0;\">\n\t\t\t\t<rs-module id=\"rev_slider_8_1\" style=\"\" data-version=\"6.7.41\">\n\t\t\t\t\t<rs-slides style=\"overflow: hidden; position: absolute;\">\n\t\t\t\t\t\t<rs-slide style=\"position: absolute;\" data-key=\"rs-79\" data-title=\"#1\" data-in=\"o:0;\" data-out=\"a:false;\">\n\t\t\t\t\t\t\t<img decoding=\"async\" src=\"\/\/www.easyclix.fr\/wp-content\/plugins\/revslider\/sr6\/assets\/assets\/dummy.png\" alt=\"\" title=\"v5-img1-min\" width=\"1917\" height=\"428\" class=\"rev-slidebg tp-rs-img rs-lazyload\" data-lazyload=\"\/\/www.easyclix.fr\/wp-content\/uploads\/2024\/07\/v5-img1-min.png\" data-no-retina>\n<!---->\t\t\t\t\t<\/rs-slide>\n\t\t\t\t\t\t<rs-slide style=\"position: absolute;\" data-key=\"rs-81\" data-title=\"Slide\" data-in=\"o:0;\" data-out=\"a:false;\">\n\t\t\t\t\t\t\t<img decoding=\"async\" src=\"\/\/www.easyclix.fr\/wp-content\/plugins\/revslider\/sr6\/assets\/assets\/dummy.png\" alt=\"\" title=\"v5-img3-min\" width=\"1919\" height=\"425\" class=\"rev-slidebg tp-rs-img rs-lazyload\" data-lazyload=\"\/\/www.easyclix.fr\/wp-content\/uploads\/2024\/07\/v5-img3-min.png\" data-no-retina>\n<!---->\t\t\t\t\t<\/rs-slide>\n\t\t\t\t\t\t<rs-slide style=\"position: absolute;\" data-key=\"rs-82\" data-title=\"Slide\" data-in=\"o:0;\" data-out=\"a:false;\">\n\t\t\t\t\t\t\t<img decoding=\"async\" src=\"\/\/www.easyclix.fr\/wp-content\/plugins\/revslider\/sr6\/assets\/assets\/dummy.png\" alt=\"\" title=\"v5-img4-min\" width=\"1918\" height=\"428\" class=\"rev-slidebg tp-rs-img rs-lazyload\" data-lazyload=\"\/\/www.easyclix.fr\/wp-content\/uploads\/2024\/07\/v5-img4-min.png\" data-no-retina>\n<!---->\t\t\t\t\t<\/rs-slide>\n\t\t\t\t\t\t<rs-slide style=\"position: absolute;\" data-key=\"rs-83\" data-title=\"Slide\" data-in=\"o:0;\" data-out=\"a:false;\">\n\t\t\t\t\t\t\t<img decoding=\"async\" src=\"\/\/www.easyclix.fr\/wp-content\/plugins\/revslider\/sr6\/assets\/assets\/dummy.png\" alt=\"\" title=\"v5-img5-min\" width=\"1920\" height=\"428\" class=\"rev-slidebg tp-rs-img rs-lazyload\" data-lazyload=\"\/\/www.easyclix.fr\/wp-content\/uploads\/2024\/07\/v5-img5-min.png\" data-no-retina>\n<!---->\t\t\t\t\t<\/rs-slide>\n\t\t\t\t\t\t<rs-slide style=\"position: absolute;\" data-key=\"rs-84\" data-title=\"Slide\" data-in=\"o:0;\" data-out=\"a:false;\">\n\t\t\t\t\t\t\t<img decoding=\"async\" src=\"\/\/www.easyclix.fr\/wp-content\/plugins\/revslider\/sr6\/assets\/assets\/dummy.png\" alt=\"\" title=\"v5-img6-min\" width=\"1920\" height=\"428\" class=\"rev-slidebg tp-rs-img rs-lazyload\" data-lazyload=\"\/\/www.easyclix.fr\/wp-content\/uploads\/2024\/07\/v5-img6-min.png\" data-no-retina>\n<!---->\t\t\t\t\t<\/rs-slide>\n\t\t\t\t\t\t<rs-slide style=\"position: absolute;\" data-key=\"rs-85\" data-title=\"Slide\" data-in=\"o:0;\" data-out=\"a:false;\">\n\t\t\t\t\t\t\t<img decoding=\"async\" src=\"\/\/www.easyclix.fr\/wp-content\/plugins\/revslider\/sr6\/assets\/assets\/dummy.png\" alt=\"\" title=\"v5-img7-min\" width=\"1920\" height=\"428\" class=\"rev-slidebg tp-rs-img rs-lazyload\" data-lazyload=\"\/\/www.easyclix.fr\/wp-content\/uploads\/2024\/07\/v5-img7-min.png\" data-no-retina>\n<!---->\t\t\t\t\t<\/rs-slide>\n\t\t\t\t\t\t<rs-slide style=\"position: absolute;\" data-key=\"rs-86\" data-title=\"Slide\" data-in=\"o:0;\" data-out=\"a:false;\">\n\t\t\t\t\t\t\t<img decoding=\"async\" src=\"\/\/www.easyclix.fr\/wp-content\/plugins\/revslider\/sr6\/assets\/assets\/dummy.png\" alt=\"\" title=\"v5-img8-min\" width=\"1920\" height=\"428\" class=\"rev-slidebg tp-rs-img rs-lazyload\" data-lazyload=\"\/\/www.easyclix.fr\/wp-content\/uploads\/2024\/07\/v5-img8-min.png\" data-no-retina>\n<!---->\t\t\t\t\t<\/rs-slide>\n\t\t\t\t\t\t<rs-slide style=\"position: absolute;\" data-key=\"rs-87\" data-title=\"Slide\" data-in=\"o:0;\" data-out=\"a:false;\">\n\t\t\t\t\t\t\t<img decoding=\"async\" src=\"\/\/www.easyclix.fr\/wp-content\/plugins\/revslider\/sr6\/assets\/assets\/dummy.png\" alt=\"\" title=\"v5-img9-min\" width=\"1920\" height=\"428\" class=\"rev-slidebg tp-rs-img rs-lazyload\" data-lazyload=\"\/\/www.easyclix.fr\/wp-content\/uploads\/2024\/07\/v5-img9-min.png\" data-no-retina>\n<!---->\t\t\t\t\t<\/rs-slide>\n\t\t\t\t\t\t<rs-slide style=\"position: absolute;\" data-key=\"rs-89\" data-title=\"Slide\" data-in=\"o:0;\" data-out=\"a:false;\">\n\t\t\t\t\t\t\t<img decoding=\"async\" src=\"\/\/www.easyclix.fr\/wp-content\/plugins\/revslider\/sr6\/assets\/assets\/dummy.png\" alt=\"\" title=\"v5-img11-min\" width=\"1920\" height=\"428\" class=\"rev-slidebg tp-rs-img rs-lazyload\" data-lazyload=\"\/\/www.easyclix.fr\/wp-content\/uploads\/2024\/07\/v5-img11-min.png\" data-no-retina>\n<!---->\t\t\t\t\t<\/rs-slide>\n\t\t\t\t\t\t<rs-slide style=\"position: absolute;\" data-key=\"rs-90\" data-title=\"Slide\" data-in=\"o:0;\" data-out=\"a:false;\">\n\t\t\t\t\t\t\t<img decoding=\"async\" src=\"\/\/www.easyclix.fr\/wp-content\/plugins\/revslider\/sr6\/assets\/assets\/dummy.png\" alt=\"\" title=\"v5-img11-min\" width=\"1920\" height=\"428\" class=\"rev-slidebg tp-rs-img rs-lazyload\" data-lazyload=\"\/\/www.easyclix.fr\/wp-content\/uploads\/2024\/07\/v5-img11-min.png\" data-no-retina>\n<!---->\t\t\t\t\t<\/rs-slide>\n\t\t\t\t\t<\/rs-slides>\n\t\t\t\t<\/rs-module>\n\t\t\t\t<script>\n\t\t\t\t\tsetREVStartSize({c: 'rev_slider_8_1',rl:[1240,1024,778,480],el:[428],gw:[1920],gh:[428],type:'standard',justify:'',layout:'fullwidth',mh:\"0\"});if (window.RS_MODULES!==undefined && window.RS_MODULES.modules!==undefined && window.RS_MODULES.modules[\"revslider81\"]!==undefined) {window.RS_MODULES.modules[\"revslider81\"].once = false;window.revapi8 = undefined;if (window.RS_MODULES.checkMinimal!==undefined) window.RS_MODULES.checkMinimal()}\n\t\t\t\t<\/script>\n\t\t\t<\/rs-module-wrap>\n\t\t\t<!-- END REVOLUTION SLIDER -->\n<div class=\"dfd-spacer-module\"  data-units=\"px\" data-wide_resolution=\"1280\" data-wide_size=\"40\" data-normal_resolution=\"1024\" data-normal_size=\"40\" data-tablet_resolution=\"800\" data-tablet_size=\"40\" data-mobile_resolution=\"480\" data-mobile_size=\"40\" style=\"height: 40px;\"><\/div>[vc_column_text css=\u00bb\u00bb]<\/p>\n<h1 style=\"text-align: center;\">Servicios Inform\u00e1ticos en Chamonix, Meg\u00e8ve y Sallanches<\/h1>\n<p>[\/vc_column_text]<div class=\"dfd-spacer-module\"  data-units=\"px\" data-wide_resolution=\"1280\" data-wide_size=\"40\" data-normal_resolution=\"1024\" data-normal_size=\"40\" data-tablet_resolution=\"800\" data-tablet_size=\"40\" data-mobile_resolution=\"480\" data-mobile_size=\"40\" style=\"height: 40px;\"><\/div>[\/vc_column][\/vc_row][vc_row][vc_column width=\u00bb1\/4&#8243;][vc_single_image image=\u00bb19568&#8243; img_size=\u00bb105&#215;105&#8243; alignment=\u00bbcenter\u00bb css_animation=\u00bblightSpeedIn\u00bb css=\u00bb\u00bb][\/vc_column][vc_column width=\u00bb3\/4&#8243;][vc_column_text css=\u00bb\u00bb]<\/p>\n<h3>Especialistas en sistemas operativos (Windows, macOS, Linux)<\/h3>\n<p>Las primeras competencias inform\u00e1ticas que empez\u00f3 a adquirir Easyclix se remontan a 1995, con la llegada de Windows en color. El seguimiento de la evoluci\u00f3n de este sistema operativo nos permite hoy tener un dominio completo en la materia para poder as\u00ed trabajar con la mayor\u00eda de los ordenadores de nuestros clientes.<\/p>\n<p>De modo que no dude en traernos su ordenador, ya tenga instalada la versi\u00f3n Windows XP o la Windows 10\/11; aqu\u00ed reparamos y optimizamos todas las versiones de este sistema operativo.<\/p>\n<p>Disponemos adem\u00e1s de un s\u00f3lido conocimiento de los sistemas operativos Unix y sus derivados Linux o Mac.[\/vc_column_text][\/vc_column][\/vc_row][vc_row][vc_column]<div class=\"dfd-spacer-module\"  data-units=\"px\" data-wide_resolution=\"1280\" data-wide_size=\"60\" data-normal_resolution=\"1024\" data-normal_size=\"60\" data-tablet_resolution=\"800\" data-tablet_size=\"60\" data-mobile_resolution=\"480\" data-mobile_size=\"60\" style=\"height: 60px;\"><\/div>[\/vc_column][\/vc_row][vc_row][vc_column width=\u00bb1\/4&#8243;][vc_single_image image=\u00bb2567&#8243; img_size=\u00bb105&#215;100&#8243; alignment=\u00bbcenter\u00bb css_animation=\u00bblightSpeedIn\u00bb css=\u00bb\u00bb][\/vc_column][vc_column width=\u00bb3\/4&#8243;][vc_column_text css=\u00bb\u00bb]<\/p>\n<h3>Linux y soluciones Open Source Chamonix, Passy, Sallanches<\/h3>\n<p>Si desea dar un paso m\u00e1s all\u00e1 y entrar en el mundo del software libre, olvid\u00e1ndose as\u00ed de los inconvenientes virales de Windows, Easyclix le ayuda a pasarse a Linux instal\u00e1ndolo y ofreci\u00e9ndole formaci\u00f3n acerca de este nuevo sistema operativo en plena expansi\u00f3n en todo el mundo.<\/p>\n<p>Adem\u00e1s, podemos encargarnos de la completa gesti\u00f3n y organizaci\u00f3n del terminal y sus componentes, instalarle programas a partir de repositorios o cualquier otro software, como por ejemplo, el paquete Office de Microsoft.[\/vc_column_text][\/vc_column][\/vc_row][vc_row][vc_column]<div class=\"dfd-spacer-module\"  data-units=\"px\" data-wide_resolution=\"1280\" data-wide_size=\"60\" data-normal_resolution=\"1024\" data-normal_size=\"60\" data-tablet_resolution=\"800\" data-tablet_size=\"60\" data-mobile_resolution=\"480\" data-mobile_size=\"60\" style=\"height: 60px;\"><\/div>[\/vc_column][\/vc_row][vc_row][vc_column width=\u00bb1\/4&#8243;][vc_single_image image=\u00bb19768&#8243; img_size=\u00bb105&#215;105&#8243; alignment=\u00bbcenter\u00bb css_animation=\u00bblightSpeedIn\u00bb css=\u00bb\u00bb][\/vc_column][vc_column width=\u00bb3\/4&#8243;][vc_column_text css=\u00bb\u00bb]<\/p>\n<h3>Gesti\u00f3n de proyectos inform\u00e1ticos<\/h3>\n<p>Despu\u00e9s de 8 a\u00f1os creando programas inform\u00e1ticos, Easyclix le ayuda a mejorar sus condiciones de trabajo desarrollando aplicaciones profesionales a medida de gesti\u00f3n de empresas disponibles en la nube.<\/p>\n<p>Trabajamos con los siguientes lenguajes: PHP, MySQL, Javascript, AJAX, HTML5, CSS3 y JAVA, PYTHON, SHELL SCRIPT UNIX\/DOS, RUBY, etc. P\u00f3ngase en contacto con nosotros para m\u00e1s informaci\u00f3n.[\/vc_column_text][\/vc_column][\/vc_row][vc_row][vc_column]<div class=\"dfd-spacer-module\"  data-units=\"px\" data-wide_resolution=\"1280\" data-wide_size=\"60\" data-normal_resolution=\"1024\" data-normal_size=\"60\" data-tablet_resolution=\"800\" data-tablet_size=\"60\" data-mobile_resolution=\"480\" data-mobile_size=\"60\" style=\"height: 60px;\"><\/div>[\/vc_column][\/vc_row][vc_row][vc_column][vc_column_text css=\u00bb\u00bb]<\/p>\n<h3 style=\"text-align: center;\">Otros servicios inform\u00e1ticos en Chamonix, Meg\u00e8ve, Passy o Sallanches<\/h3>\n<p style=\"text-align: center;\">Easyclix proporciona multitud de servicios inform\u00e1ticos: asistencia inform\u00e1tica a domicilio, configuraci\u00f3n de su equipo inform\u00e1tico, instalaci\u00f3n de programas, etc.<br \/>\nAdem\u00e1s, revisamos su equipo y le proponemos soluciones de mejora o de configuraci\u00f3n.<\/p>\n<p style=\"text-align: center;\">La principal especialidad de Easyclix es la creaci\u00f3n de p\u00e1ginas web a medida y con un servicio adicional de posicionamiento y optimizaci\u00f3n web eficaz.<\/p>\n<p>[\/vc_column_text][\/vc_column][\/vc_row][vc_row][vc_column]<div class=\"dfd-spacer-module\"  data-units=\"px\" data-wide_resolution=\"1280\" data-wide_size=\"60\" data-normal_resolution=\"1024\" data-normal_size=\"60\" data-tablet_resolution=\"800\" data-tablet_size=\"60\" data-mobile_resolution=\"480\" data-mobile_size=\"60\" style=\"height: 60px;\"><\/div>[\/vc_column][\/vc_row][vc_row][vc_column][vc_single_image image=\u00bb18792&#8243; img_size=\u00bbmedium\u00bb alignment=\u00bbcenter\u00bb css=\u00bb\u00bb][\/vc_column][\/vc_row][vc_row][vc_column]<div class=\"dfd-spacer-module\"  data-units=\"px\" data-wide_resolution=\"1280\" data-wide_size=\"60\" data-normal_resolution=\"1024\" data-normal_size=\"60\" data-tablet_resolution=\"800\" data-tablet_size=\"60\" data-mobile_resolution=\"480\" data-mobile_size=\"60\" style=\"height: 60px;\"><\/div>[\/vc_column][\/vc_row][vc_row][vc_column width=\u00bb1\/3&#8243;][vc_column_text css=\u00bb\u00bb]<\/p>\n<div id=\"cadre1\">\n<h3>Asistencia inform\u00e1tica<\/h3>\n<ul>\n<li id=\"cadre\">Reparaci\u00f3n de aver\u00edas<\/li>\n<li id=\"cadre\">Mantenimiento inform\u00e1tico<\/li>\n<li id=\"cadre\">Configuraci\u00f3n de perif\u00e9ricos<\/li>\n<li id=\"cadre\">Modificaci\u00f3n de ordenadores<\/li>\n<li id=\"cadre\">Config. sistema operativo y programas<\/li>\n<li id=\"cadre\">Montaje de ordenadores<\/li>\n<li id=\"cadre\">Formateo<\/li>\n<li id=\"cadre\">Limpieza del equipo<\/li>\n<\/ul>\n<\/div>\n<p>[\/vc_column_text][\/vc_column][vc_column width=\u00bb1\/3&#8243;][vc_column_text]<\/p>\n<div id=\"cadre2\">\n<h3>Creaci\u00f3n de p\u00e1ginas web<\/h3>\n<ul>\n<li id=\"cadre\">Creaci\u00f3n web personalizada<\/li>\n<li id=\"cadre\">Gesti\u00f3n de bases de datos<\/li>\n<li id=\"cadre\">Plataformas de pago en l\u00ednea<\/li>\n<li id=\"cadre\">Plataformas intranet\/extranet<\/li>\n<li id=\"cadre\">Posicionamiento web<\/li>\n<li id=\"cadre\">Web corporativa \/ tienda online<\/li>\n<li id=\"cadre\">Web en versi\u00f3n m\u00f3vil<\/li>\n<li id=\"cadre\">Redacci\u00f3n de contenidos<\/li>\n<\/ul>\n<\/div>\n<p>[\/vc_column_text][\/vc_column][vc_column width=\u00bb1\/3&#8243;][vc_column_text]<\/p>\n<div id=\"cadre3\">\n<h3>Otros servicios<\/h3>\n<ul>\n<li id=\"cadre\">Asesoramiento<\/li>\n<li id=\"cadre\">Linux \/ Mac OS X \/ Hackintosh<\/li>\n<li id=\"cadre\">Venta de port\u00e1tiles<\/li>\n<li id=\"cadre\">Copia de seguridad<\/li>\n<li id=\"cadre\">Eliminaci\u00f3n de virus<\/li>\n<li id=\"cadre\">Instalaci\u00f3n de material<\/li>\n<li id=\"cadre\">Mejora de Xbox<\/li>\n<li id=\"cadre\">Redes de \u00e1rea local<\/li>\n<\/ul>\n<\/div>\n<p>[\/vc_column_text][\/vc_column][\/vc_row]<\/p>\n<\/div>","protected":false},"excerpt":{"rendered":"<p>[vc_row][vc_column][vc_column_text css=\u00bb\u00bb] Servicios Inform\u00e1ticos en Chamonix, Meg\u00e8ve y Sallanches [\/vc_column_text][\/vc_column][\/vc_row][vc_row][vc_column width=\u00bb1\/4&#8243;][vc_single_image image=\u00bb19568&#8243; img_size=\u00bb105&#215;105&#8243; alignment=\u00bbcenter\u00bb css_animation=\u00bblightSpeedIn\u00bb css=\u00bb\u00bb][\/vc_column][vc_column width=\u00bb3\/4&#8243;][vc_column_text css=\u00bb\u00bb] Especialistas en sistemas operativos (Windows, macOS, Linux) Las primeras competencias inform\u00e1ticas que<\/p>\n","protected":false},"author":1,"featured_media":0,"parent":857,"menu_order":0,"comment_status":"closed","ping_status":"closed","template":"","meta":{"footnotes":""},"class_list":["post-925","page","type-page","status-publish","hentry"],"yoast_head":"<!-- This site is optimized with the Yoast SEO plugin v27.2 - https:\/\/yoast.com\/product\/yoast-seo-wordpress\/ -->\n<title>Prestaci\u00f3n de servicios inform\u00e1ticos en Chamonix, Meg\u00e8ve y Sallanches<\/title>\n<meta name=\"description\" content=\"Easyclix ofrece una gran variedad de servicios inform\u00e1ticos en el valle de Chamonix, Meg\u00e8ve Sallanches : asistencia inform\u00e1tica e reparaci\u00f3n de ordenadores\" \/>\n<meta name=\"robots\" content=\"index, follow, max-snippet:-1, max-image-preview:large, max-video-preview:-1\" \/>\n<link rel=\"canonical\" href=\"https:\/\/www.easyclix.fr\/es\/chamonix-megeve-sallanches\/prestacion-de-servicios-informaticos\/\" \/>\n<meta property=\"og:locale\" content=\"es_ES\" \/>\n<meta property=\"og:type\" content=\"article\" \/>\n<meta property=\"og:title\" content=\"Prestaci\u00f3n de servicios inform\u00e1ticos en Chamonix, Meg\u00e8ve y Sallanches\" \/>\n<meta property=\"og:description\" content=\"Easyclix ofrece una gran variedad de servicios inform\u00e1ticos en el valle de Chamonix, Meg\u00e8ve Sallanches : asistencia inform\u00e1tica e reparaci\u00f3n de ordenadores\" \/>\n<meta property=\"og:url\" content=\"https:\/\/www.easyclix.fr\/es\/chamonix-megeve-sallanches\/prestacion-de-servicios-informaticos\/\" \/>\n<meta property=\"og:site_name\" content=\"Easyclix\" \/>\n<meta property=\"article:publisher\" content=\"https:\/\/www.facebook.com\/eurl.easyclix\" \/>\n<meta property=\"article:modified_time\" content=\"2024-08-02T13:18:42+00:00\" \/>\n<meta name=\"twitter:card\" content=\"summary_large_image\" \/>\n<meta name=\"twitter:label1\" content=\"Tiempo de lectura\" \/>\n\t<meta name=\"twitter:data1\" content=\"4 minutos\" \/>\n<script type=\"application\/ld+json\" class=\"yoast-schema-graph\">{\"@context\":\"https:\/\/schema.org\",\"@graph\":[{\"@type\":\"WebPage\",\"@id\":\"https:\/\/www.easyclix.fr\/es\/chamonix-megeve-sallanches\/prestacion-de-servicios-informaticos\/\",\"url\":\"https:\/\/www.easyclix.fr\/es\/chamonix-megeve-sallanches\/prestacion-de-servicios-informaticos\/\",\"name\":\"Prestaci\u00f3n de servicios inform\u00e1ticos en Chamonix, Meg\u00e8ve y Sallanches\",\"isPartOf\":{\"@id\":\"https:\/\/www.easyclix.fr\/es\/#website\"},\"datePublished\":\"2016-12-28T10:49:38+00:00\",\"dateModified\":\"2024-08-02T13:18:42+00:00\",\"description\":\"Easyclix ofrece una gran variedad de servicios inform\u00e1ticos en el valle de Chamonix, Meg\u00e8ve Sallanches : asistencia inform\u00e1tica e reparaci\u00f3n de ordenadores\",\"breadcrumb\":{\"@id\":\"https:\/\/www.easyclix.fr\/es\/chamonix-megeve-sallanches\/prestacion-de-servicios-informaticos\/#breadcrumb\"},\"inLanguage\":\"es\",\"potentialAction\":[{\"@type\":\"ReadAction\",\"target\":[\"https:\/\/www.easyclix.fr\/es\/chamonix-megeve-sallanches\/prestacion-de-servicios-informaticos\/\"]}]},{\"@type\":\"BreadcrumbList\",\"@id\":\"https:\/\/www.easyclix.fr\/es\/chamonix-megeve-sallanches\/prestacion-de-servicios-informaticos\/#breadcrumb\",\"itemListElement\":[{\"@type\":\"ListItem\",\"position\":1,\"name\":\"Accueil\",\"item\":\"https:\/\/www.easyclix.fr\/es\/\"},{\"@type\":\"ListItem\",\"position\":2,\"name\":\"Chamonix Meg\u00e8ve Sallanches\",\"item\":\"https:\/\/www.easyclix.fr\/es\/chamonix\/\"},{\"@type\":\"ListItem\",\"position\":3,\"name\":\"Servicios Inform\u00e1ticos en Chamonix, Meg\u00e8ve y Sallanches\"}]},{\"@type\":\"WebSite\",\"@id\":\"https:\/\/www.easyclix.fr\/es\/#website\",\"url\":\"https:\/\/www.easyclix.fr\/es\/\",\"name\":\"Easyclix\",\"description\":\"\",\"publisher\":{\"@id\":\"https:\/\/www.easyclix.fr\/es\/#organization\"},\"potentialAction\":[{\"@type\":\"SearchAction\",\"target\":{\"@type\":\"EntryPoint\",\"urlTemplate\":\"https:\/\/www.easyclix.fr\/es\/?s={search_term_string}\"},\"query-input\":{\"@type\":\"PropertyValueSpecification\",\"valueRequired\":true,\"valueName\":\"search_term_string\"}}],\"inLanguage\":\"es\"},{\"@type\":\"Organization\",\"@id\":\"https:\/\/www.easyclix.fr\/es\/#organization\",\"name\":\"Easyclix\",\"url\":\"https:\/\/www.easyclix.fr\/es\/\",\"logo\":{\"@type\":\"ImageObject\",\"inLanguage\":\"es\",\"@id\":\"https:\/\/www.easyclix.fr\/es\/#\/schema\/logo\/image\/\",\"url\":\"https:\/\/www.easyclix.fr\/wp-content\/uploads\/2016\/12\/logo-easyclix.jpg\",\"contentUrl\":\"https:\/\/www.easyclix.fr\/wp-content\/uploads\/2016\/12\/logo-easyclix.jpg\",\"width\":162,\"height\":95,\"caption\":\"Easyclix\"},\"image\":{\"@id\":\"https:\/\/www.easyclix.fr\/es\/#\/schema\/logo\/image\/\"},\"sameAs\":[\"https:\/\/www.facebook.com\/eurl.easyclix\",\"https:\/\/www.linkedin.com\/company\/easyclix\/\"]}]}<\/script>\n<!-- \/ Yoast SEO plugin. -->","yoast_head_json":{"title":"Prestaci\u00f3n de servicios inform\u00e1ticos en Chamonix, Meg\u00e8ve y Sallanches","description":"Easyclix ofrece una gran variedad de servicios inform\u00e1ticos en el valle de Chamonix, Meg\u00e8ve Sallanches : asistencia inform\u00e1tica e reparaci\u00f3n de ordenadores","robots":{"index":"index","follow":"follow","max-snippet":"max-snippet:-1","max-image-preview":"max-image-preview:large","max-video-preview":"max-video-preview:-1"},"canonical":"https:\/\/www.easyclix.fr\/es\/chamonix-megeve-sallanches\/prestacion-de-servicios-informaticos\/","og_locale":"es_ES","og_type":"article","og_title":"Prestaci\u00f3n de servicios inform\u00e1ticos en Chamonix, Meg\u00e8ve y Sallanches","og_description":"Easyclix ofrece una gran variedad de servicios inform\u00e1ticos en el valle de Chamonix, Meg\u00e8ve Sallanches : asistencia inform\u00e1tica e reparaci\u00f3n de ordenadores","og_url":"https:\/\/www.easyclix.fr\/es\/chamonix-megeve-sallanches\/prestacion-de-servicios-informaticos\/","og_site_name":"Easyclix","article_publisher":"https:\/\/www.facebook.com\/eurl.easyclix","article_modified_time":"2024-08-02T13:18:42+00:00","twitter_card":"summary_large_image","twitter_misc":{"Tiempo de lectura":"4 minutos"},"schema":{"@context":"https:\/\/schema.org","@graph":[{"@type":"WebPage","@id":"https:\/\/www.easyclix.fr\/es\/chamonix-megeve-sallanches\/prestacion-de-servicios-informaticos\/","url":"https:\/\/www.easyclix.fr\/es\/chamonix-megeve-sallanches\/prestacion-de-servicios-informaticos\/","name":"Prestaci\u00f3n de servicios inform\u00e1ticos en Chamonix, Meg\u00e8ve y Sallanches","isPartOf":{"@id":"https:\/\/www.easyclix.fr\/es\/#website"},"datePublished":"2016-12-28T10:49:38+00:00","dateModified":"2024-08-02T13:18:42+00:00","description":"Easyclix ofrece una gran variedad de servicios inform\u00e1ticos en el valle de Chamonix, Meg\u00e8ve Sallanches : asistencia inform\u00e1tica e reparaci\u00f3n de ordenadores","breadcrumb":{"@id":"https:\/\/www.easyclix.fr\/es\/chamonix-megeve-sallanches\/prestacion-de-servicios-informaticos\/#breadcrumb"},"inLanguage":"es","potentialAction":[{"@type":"ReadAction","target":["https:\/\/www.easyclix.fr\/es\/chamonix-megeve-sallanches\/prestacion-de-servicios-informaticos\/"]}]},{"@type":"BreadcrumbList","@id":"https:\/\/www.easyclix.fr\/es\/chamonix-megeve-sallanches\/prestacion-de-servicios-informaticos\/#breadcrumb","itemListElement":[{"@type":"ListItem","position":1,"name":"Accueil","item":"https:\/\/www.easyclix.fr\/es\/"},{"@type":"ListItem","position":2,"name":"Chamonix Meg\u00e8ve Sallanches","item":"https:\/\/www.easyclix.fr\/es\/chamonix\/"},{"@type":"ListItem","position":3,"name":"Servicios Inform\u00e1ticos en Chamonix, Meg\u00e8ve y Sallanches"}]},{"@type":"WebSite","@id":"https:\/\/www.easyclix.fr\/es\/#website","url":"https:\/\/www.easyclix.fr\/es\/","name":"Easyclix","description":"","publisher":{"@id":"https:\/\/www.easyclix.fr\/es\/#organization"},"potentialAction":[{"@type":"SearchAction","target":{"@type":"EntryPoint","urlTemplate":"https:\/\/www.easyclix.fr\/es\/?s={search_term_string}"},"query-input":{"@type":"PropertyValueSpecification","valueRequired":true,"valueName":"search_term_string"}}],"inLanguage":"es"},{"@type":"Organization","@id":"https:\/\/www.easyclix.fr\/es\/#organization","name":"Easyclix","url":"https:\/\/www.easyclix.fr\/es\/","logo":{"@type":"ImageObject","inLanguage":"es","@id":"https:\/\/www.easyclix.fr\/es\/#\/schema\/logo\/image\/","url":"https:\/\/www.easyclix.fr\/wp-content\/uploads\/2016\/12\/logo-easyclix.jpg","contentUrl":"https:\/\/www.easyclix.fr\/wp-content\/uploads\/2016\/12\/logo-easyclix.jpg","width":162,"height":95,"caption":"Easyclix"},"image":{"@id":"https:\/\/www.easyclix.fr\/es\/#\/schema\/logo\/image\/"},"sameAs":["https:\/\/www.facebook.com\/eurl.easyclix","https:\/\/www.linkedin.com\/company\/easyclix\/"]}]}},"_links":{"self":[{"href":"https:\/\/www.easyclix.fr\/es\/wp-json\/wp\/v2\/pages\/925","targetHints":{"allow":["GET"]}}],"collection":[{"href":"https:\/\/www.easyclix.fr\/es\/wp-json\/wp\/v2\/pages"}],"about":[{"href":"https:\/\/www.easyclix.fr\/es\/wp-json\/wp\/v2\/types\/page"}],"author":[{"embeddable":true,"href":"https:\/\/www.easyclix.fr\/es\/wp-json\/wp\/v2\/users\/1"}],"replies":[{"embeddable":true,"href":"https:\/\/www.easyclix.fr\/es\/wp-json\/wp\/v2\/comments?post=925"}],"version-history":[{"count":9,"href":"https:\/\/www.easyclix.fr\/es\/wp-json\/wp\/v2\/pages\/925\/revisions"}],"predecessor-version":[{"id":20404,"href":"https:\/\/www.easyclix.fr\/es\/wp-json\/wp\/v2\/pages\/925\/revisions\/20404"}],"up":[{"embeddable":true,"href":"https:\/\/www.easyclix.fr\/es\/wp-json\/wp\/v2\/pages\/857"}],"wp:attachment":[{"href":"https:\/\/www.easyclix.fr\/es\/wp-json\/wp\/v2\/media?parent=925"}],"curies":[{"name":"wp","href":"https:\/\/api.w.org\/{rel}","templated":true}]}}