{"id":882,"date":"2016-11-29T11:26:43","date_gmt":"2016-11-29T10:26:43","guid":{"rendered":"https:\/\/www.easyclix.fr\/?page_id=882\/"},"modified":"2024-08-02T21:14:55","modified_gmt":"2024-08-02T19:14:55","slug":"supporto-it","status":"publish","type":"page","link":"https:\/\/www.easyclix.fr\/it\/chamonix-megeve-sallanches\/supporto-it\/","title":{"rendered":"Supporto IT a Chamonix, Meg\u00e8ve e Sallanches"},"content":{"rendered":"<div class=\"wpb-content-wrapper\"><p>[vc_row][vc_column]\n\t\t\t<!-- START diapov5 REVOLUTION SLIDER 6.7.41 --><p class=\"rs-p-wp-fix\"><\/p>\n\t\t\t<rs-module-wrap id=\"rev_slider_8_1_wrapper\" data-source=\"gallery\" style=\"visibility:hidden;background:transparent;padding:0;margin:0px auto;margin-top:0;margin-bottom:0;\">\n\t\t\t\t<rs-module id=\"rev_slider_8_1\" style=\"\" data-version=\"6.7.41\">\n\t\t\t\t\t<rs-slides style=\"overflow: hidden; position: absolute;\">\n\t\t\t\t\t\t<rs-slide style=\"position: absolute;\" data-key=\"rs-79\" data-title=\"#1\" data-in=\"o:0;\" data-out=\"a:false;\">\n\t\t\t\t\t\t\t<img decoding=\"async\" src=\"\/\/www.easyclix.fr\/wp-content\/plugins\/revslider\/sr6\/assets\/assets\/dummy.png\" alt=\"\" title=\"v5-img1-min\" width=\"1917\" height=\"428\" class=\"rev-slidebg tp-rs-img rs-lazyload\" data-lazyload=\"\/\/www.easyclix.fr\/wp-content\/uploads\/2024\/07\/v5-img1-min.png\" data-no-retina>\n<!---->\t\t\t\t\t<\/rs-slide>\n\t\t\t\t\t\t<rs-slide style=\"position: absolute;\" data-key=\"rs-81\" data-title=\"Slide\" data-in=\"o:0;\" data-out=\"a:false;\">\n\t\t\t\t\t\t\t<img decoding=\"async\" src=\"\/\/www.easyclix.fr\/wp-content\/plugins\/revslider\/sr6\/assets\/assets\/dummy.png\" alt=\"\" title=\"v5-img3-min\" width=\"1919\" height=\"425\" class=\"rev-slidebg tp-rs-img rs-lazyload\" data-lazyload=\"\/\/www.easyclix.fr\/wp-content\/uploads\/2024\/07\/v5-img3-min.png\" data-no-retina>\n<!---->\t\t\t\t\t<\/rs-slide>\n\t\t\t\t\t\t<rs-slide style=\"position: absolute;\" data-key=\"rs-82\" data-title=\"Slide\" data-in=\"o:0;\" data-out=\"a:false;\">\n\t\t\t\t\t\t\t<img decoding=\"async\" src=\"\/\/www.easyclix.fr\/wp-content\/plugins\/revslider\/sr6\/assets\/assets\/dummy.png\" alt=\"\" title=\"v5-img4-min\" width=\"1918\" height=\"428\" class=\"rev-slidebg tp-rs-img rs-lazyload\" data-lazyload=\"\/\/www.easyclix.fr\/wp-content\/uploads\/2024\/07\/v5-img4-min.png\" data-no-retina>\n<!---->\t\t\t\t\t<\/rs-slide>\n\t\t\t\t\t\t<rs-slide style=\"position: absolute;\" data-key=\"rs-83\" data-title=\"Slide\" data-in=\"o:0;\" data-out=\"a:false;\">\n\t\t\t\t\t\t\t<img decoding=\"async\" src=\"\/\/www.easyclix.fr\/wp-content\/plugins\/revslider\/sr6\/assets\/assets\/dummy.png\" alt=\"\" title=\"v5-img5-min\" width=\"1920\" height=\"428\" class=\"rev-slidebg tp-rs-img rs-lazyload\" data-lazyload=\"\/\/www.easyclix.fr\/wp-content\/uploads\/2024\/07\/v5-img5-min.png\" data-no-retina>\n<!---->\t\t\t\t\t<\/rs-slide>\n\t\t\t\t\t\t<rs-slide style=\"position: absolute;\" data-key=\"rs-84\" data-title=\"Slide\" data-in=\"o:0;\" data-out=\"a:false;\">\n\t\t\t\t\t\t\t<img decoding=\"async\" src=\"\/\/www.easyclix.fr\/wp-content\/plugins\/revslider\/sr6\/assets\/assets\/dummy.png\" alt=\"\" title=\"v5-img6-min\" width=\"1920\" height=\"428\" class=\"rev-slidebg tp-rs-img rs-lazyload\" data-lazyload=\"\/\/www.easyclix.fr\/wp-content\/uploads\/2024\/07\/v5-img6-min.png\" data-no-retina>\n<!---->\t\t\t\t\t<\/rs-slide>\n\t\t\t\t\t\t<rs-slide style=\"position: absolute;\" data-key=\"rs-85\" data-title=\"Slide\" data-in=\"o:0;\" data-out=\"a:false;\">\n\t\t\t\t\t\t\t<img decoding=\"async\" src=\"\/\/www.easyclix.fr\/wp-content\/plugins\/revslider\/sr6\/assets\/assets\/dummy.png\" alt=\"\" title=\"v5-img7-min\" width=\"1920\" height=\"428\" class=\"rev-slidebg tp-rs-img rs-lazyload\" data-lazyload=\"\/\/www.easyclix.fr\/wp-content\/uploads\/2024\/07\/v5-img7-min.png\" data-no-retina>\n<!---->\t\t\t\t\t<\/rs-slide>\n\t\t\t\t\t\t<rs-slide style=\"position: absolute;\" data-key=\"rs-86\" data-title=\"Slide\" data-in=\"o:0;\" data-out=\"a:false;\">\n\t\t\t\t\t\t\t<img decoding=\"async\" src=\"\/\/www.easyclix.fr\/wp-content\/plugins\/revslider\/sr6\/assets\/assets\/dummy.png\" alt=\"\" title=\"v5-img8-min\" width=\"1920\" height=\"428\" class=\"rev-slidebg tp-rs-img rs-lazyload\" data-lazyload=\"\/\/www.easyclix.fr\/wp-content\/uploads\/2024\/07\/v5-img8-min.png\" data-no-retina>\n<!---->\t\t\t\t\t<\/rs-slide>\n\t\t\t\t\t\t<rs-slide style=\"position: absolute;\" data-key=\"rs-87\" data-title=\"Slide\" data-in=\"o:0;\" data-out=\"a:false;\">\n\t\t\t\t\t\t\t<img decoding=\"async\" src=\"\/\/www.easyclix.fr\/wp-content\/plugins\/revslider\/sr6\/assets\/assets\/dummy.png\" alt=\"\" title=\"v5-img9-min\" width=\"1920\" height=\"428\" class=\"rev-slidebg tp-rs-img rs-lazyload\" data-lazyload=\"\/\/www.easyclix.fr\/wp-content\/uploads\/2024\/07\/v5-img9-min.png\" data-no-retina>\n<!---->\t\t\t\t\t<\/rs-slide>\n\t\t\t\t\t\t<rs-slide style=\"position: absolute;\" data-key=\"rs-89\" data-title=\"Slide\" data-in=\"o:0;\" data-out=\"a:false;\">\n\t\t\t\t\t\t\t<img decoding=\"async\" src=\"\/\/www.easyclix.fr\/wp-content\/plugins\/revslider\/sr6\/assets\/assets\/dummy.png\" alt=\"\" title=\"v5-img11-min\" width=\"1920\" height=\"428\" class=\"rev-slidebg tp-rs-img rs-lazyload\" data-lazyload=\"\/\/www.easyclix.fr\/wp-content\/uploads\/2024\/07\/v5-img11-min.png\" data-no-retina>\n<!---->\t\t\t\t\t<\/rs-slide>\n\t\t\t\t\t\t<rs-slide style=\"position: absolute;\" data-key=\"rs-90\" data-title=\"Slide\" data-in=\"o:0;\" data-out=\"a:false;\">\n\t\t\t\t\t\t\t<img decoding=\"async\" src=\"\/\/www.easyclix.fr\/wp-content\/plugins\/revslider\/sr6\/assets\/assets\/dummy.png\" alt=\"\" title=\"v5-img11-min\" width=\"1920\" height=\"428\" class=\"rev-slidebg tp-rs-img rs-lazyload\" data-lazyload=\"\/\/www.easyclix.fr\/wp-content\/uploads\/2024\/07\/v5-img11-min.png\" data-no-retina>\n<!---->\t\t\t\t\t<\/rs-slide>\n\t\t\t\t\t<\/rs-slides>\n\t\t\t\t<\/rs-module>\n\t\t\t\t<script>\n\t\t\t\t\tsetREVStartSize({c: 'rev_slider_8_1',rl:[1240,1024,778,480],el:[428],gw:[1920],gh:[428],type:'standard',justify:'',layout:'fullwidth',mh:\"0\"});if (window.RS_MODULES!==undefined && window.RS_MODULES.modules!==undefined && window.RS_MODULES.modules[\"revslider81\"]!==undefined) {window.RS_MODULES.modules[\"revslider81\"].once = false;window.revapi8 = undefined;if (window.RS_MODULES.checkMinimal!==undefined) window.RS_MODULES.checkMinimal()}\n\t\t\t\t<\/script>\n\t\t\t<\/rs-module-wrap>\n\t\t\t<!-- END REVOLUTION SLIDER -->\n<div class=\"dfd-spacer-module\"  data-units=\"px\" data-wide_resolution=\"1280\" data-wide_size=\"40\" data-normal_resolution=\"1024\" data-normal_size=\"40\" data-tablet_resolution=\"800\" data-tablet_size=\"40\" data-mobile_resolution=\"480\" data-mobile_size=\"40\" style=\"height: 40px;\"><\/div>[vc_column_text css=&#8221;&#8221;]<\/p>\n<h1 style=\"text-align: center;\">Supporto IT e risoluzione dei problemi di computer<br \/>\na Chamonix, Meg\u00e8ve e Sallanches<\/h1>\n<p>[\/vc_column_text]<div class=\"dfd-spacer-module\"  data-units=\"px\" data-wide_resolution=\"1280\" data-wide_size=\"40\" data-normal_resolution=\"1024\" data-normal_size=\"40\" data-tablet_resolution=\"800\" data-tablet_size=\"40\" data-mobile_resolution=\"480\" data-mobile_size=\"40\" style=\"height: 40px;\"><\/div>[\/vc_column][\/vc_row][vc_row][vc_column][vc_column_text css=&#8221;&#8221;]<\/p>\n<h2 style=\"text-align: center;\">Easyclix, il fornitore di servizi per tutte le risoluzione dei problemi IT su Chamonix<\/h2>\n<p style=\"text-align: center;\">EASYCLIX vi d\u00e0 il benvenuto a Chamonix, nel centro della citt\u00e0 (262 strada Dottore Paccard) per solvare i suoi problemi con il computer.<br \/>\nEcco un elenco dei servizi informatici (non esaustivi) che facciamo, e non dimentica di navigare nel menu principale sopra!<\/p>\n<p>[\/vc_column_text][\/vc_column][\/vc_row][vc_row][vc_column]<div class=\"dfd-spacer-module\"  data-units=\"px\" data-wide_resolution=\"1280\" data-wide_size=\"60\" data-normal_resolution=\"1024\" data-normal_size=\"60\" data-tablet_resolution=\"800\" data-tablet_size=\"60\" data-mobile_resolution=\"480\" data-mobile_size=\"60\" style=\"height: 60px;\"><\/div>[\/vc_column][\/vc_row][vc_row][vc_column width=&#8221;1\/4&#8243;][vc_single_image image=&#8221;1844&#8243; img_size=&#8221;200&#215;109&#8243; alignment=&#8221;center&#8221; css_animation=&#8221;fadeInLeftBig&#8221;][\/vc_column][vc_column width=&#8221;3\/4&#8243;][vc_column_text css=&#8221;&#8221;]<\/p>\n<h3>Risoluzione dei problemi di computer, su tutte le marche, a Chamonix Meg\u00e8ve e Sallanches<\/h3>\n<p>Easyclix porta aiuto a tutte le risoluzione dei problemi IT su Chamonix Meg\u00e8ve e Sallaches, dal semplice piccolino problema con il una configurazione di software, a la completa ricostruzione del desktop o portatile, su Windows, OS X o Linux, senza segno di distinzione o di modello di computer.<\/p>\n<p>Possiamo anche risolvere i problemi del PC (guasto hardware o colpa del conducente), gestire le stampanti semplici o complessi, installare una rete in una piccola scala per professionali, o configurare il file &#8220;sharing&#8221; e &#8220;backup&#8221;, ecc[\/vc_column_text][\/vc_column][\/vc_row][vc_row][vc_column]<div class=\"dfd-spacer-module\"  data-units=\"px\" data-wide_resolution=\"1280\" data-wide_size=\"60\" data-normal_resolution=\"1024\" data-normal_size=\"60\" data-tablet_resolution=\"800\" data-tablet_size=\"60\" data-mobile_resolution=\"480\" data-mobile_size=\"60\" style=\"height: 60px;\"><\/div>[\/vc_column][\/vc_row][vc_row][vc_column width=&#8221;1\/4&#8243;][vc_single_image image=&#8221;1698&#8243; img_size=&#8221;200&#215;143&#8243; alignment=&#8221;center&#8221; css_animation=&#8221;fadeInLeftBig&#8221;][\/vc_column][vc_column width=&#8221;3\/4&#8243;][vc_column_text css=&#8221;&#8221;]<\/p>\n<h3>Marche per il supporto IT a Chamonix, Meg\u00e8ve e Sallanches<\/h3>\n<p><strong>Marche<\/strong> : Apple, Dell, Toshiba, Sony, Lenovo, HP, Acer, Asus, Alienware, Asus Rog, Clevo, PackardBell, Fujitsu-Siemens, Boulanger, &#8230;<\/p>\n<p><strong>Modeli di Mac<\/strong> : Macbook, Macbook Pro, Macbook Air, Macbook Retina, iMac, MacPro 2008-2012<\/p>\n<p><strong>Stampante<\/strong> : Brother, Canon, HP, Epson, Xerox, &#8230;<br \/>\n(<span style=\"color: #ff0000;\">attenzione<\/span>, <strong>noi non trattiamo pi\u00f9 i problemi materiali delle stampante)<\/strong><\/p>\n<p>Per richieste o non specifici elencati sopra contattateci e descrivere la vostra riparazione attrezzature ![\/vc_column_text][\/vc_column][\/vc_row][vc_row][vc_column]<div class=\"dfd-spacer-module\"  data-units=\"px\" data-wide_resolution=\"1280\" data-wide_size=\"60\" data-normal_resolution=\"1024\" data-normal_size=\"60\" data-tablet_resolution=\"800\" data-tablet_size=\"60\" data-mobile_resolution=\"480\" data-mobile_size=\"60\" style=\"height: 60px;\"><\/div>[\/vc_column][\/vc_row][vc_row][vc_column width=&#8221;1\/4&#8243;][vc_single_image image=&#8221;1851&#8243; img_size=&#8221;160&#215;141&#8243; alignment=&#8221;center&#8221; css_animation=&#8221;fadeInLeftBig&#8221;][\/vc_column][vc_column width=&#8221;3\/4&#8243;][vc_column_text css=&#8221;&#8221;]<\/p>\n<h3>Risoluzione dei problemi di e-mail su Chamonix, Meg\u00e8ve e Sallanches<\/h3>\n<p>Se si verifica un problema di accessibilit\u00e0 alla sua indirezza e-mail (conto hacking, perdita dello password), o se non si riesce a configurare correttamente un programma di posta elettronica come Outlook, Thunderbird, Windows Live Mail o applicazione &#8220;Mail&#8221; su Mac, iPad o iPhone, Easyclix pu\u00f2 realizzare per lei le impostazioni necessarie.<\/p>\n<p>Siamo in grado di intervenire per le e-mail &#8220;private&#8221;, o gli sconti gratuiti come Gmail, Outlook.com, Hotmail, SFR, Orange, Free, ecc &#8230;[\/vc_column_text][\/vc_column][\/vc_row][vc_row][vc_column]<div class=\"dfd-spacer-module\"  data-units=\"px\" data-wide_resolution=\"1280\" data-wide_size=\"60\" data-normal_resolution=\"1024\" data-normal_size=\"60\" data-tablet_resolution=\"800\" data-tablet_size=\"60\" data-mobile_resolution=\"480\" data-mobile_size=\"60\" style=\"height: 60px;\"><\/div>[\/vc_column][\/vc_row][vc_row][vc_column width=&#8221;1\/4&#8243;][vc_single_image image=&#8221;2544&#8243; img_size=&#8221;190&#215;124&#8243; alignment=&#8221;center&#8221; css_animation=&#8221;fadeInLeftBig&#8221;][\/vc_column][vc_column width=&#8221;3\/4&#8243;][vc_column_text css=&#8221;&#8221;]<\/p>\n<h3>Installazione dell&#8217;Internet a Chamonix, Meg\u00e8ve, Passy o Sallanches<\/h3>\n<p>Easyclix pu\u00f2 installare l&#8217;Internet a casa sua, o nella sua societ\u00e0, e pu\u00f2 aiutarlo a trovare il migliore servizio in Francia, e preparare l&#8217;hardware per l&#8217;installazione.<\/p>\n<p>Possiamo prendere il registar, fare l&#8217;installazione del Wifi, dei CPL, Easyclix pu\u00f2 controllare tutte le parte del suo sistemo Internet.<\/p>\n<p>Possiamo trovare routers o box per sostituire rapidamente se ha un problema con il suo attrezzature per l&#8217;Internet &#8230;[\/vc_column_text][\/vc_column][\/vc_row][vc_row][vc_column]<div class=\"dfd-spacer-module\"  data-units=\"px\" data-wide_resolution=\"1280\" data-wide_size=\"60\" data-normal_resolution=\"1024\" data-normal_size=\"60\" data-tablet_resolution=\"800\" data-tablet_size=\"60\" data-mobile_resolution=\"480\" data-mobile_size=\"60\" style=\"height: 60px;\"><\/div>[\/vc_column][\/vc_row][vc_row][vc_column width=&#8221;1\/3&#8243;][vc_column_text css=&#8221;&#8221;]<\/p>\n<h3>Riparazione di computer<\/h3>\n<ul>\n<li>Riparazione di computer<\/li>\n<li>Manutenzione del computer<\/li>\n<li>Supporto per i dispositivi<\/li>\n<li>Modifica sui computer<\/li>\n<li>Config. sistema e software<\/li>\n<li>Assemblaggio computer<\/li>\n<li>Formattazione di Windows<\/li>\n<li>Depolverazione <span class=\"\">PC \/ Mac<\/span><\/li>\n<\/ul>\n<p>[\/vc_column_text][\/vc_column][vc_column width=&#8221;1\/3&#8243;][vc_column_text css=&#8221;&#8221;]<\/p>\n<h3>Creazione di siti web<\/h3>\n<ul>\n<li>Creazione di sito personalizzato<\/li>\n<li>Gestione di database<\/li>\n<li>I moduli di pagamento online<\/li>\n<li>Piattaforma Intranet \/ Extranet<\/li>\n<li>Posizionamento sui motori<\/li>\n<li>E-commerce &#8211; Vetrina<\/li>\n<li>Versione Mobile Website<\/li>\n<li>Contenuto di scrittura<\/li>\n<\/ul>\n<p>[\/vc_column_text][\/vc_column][vc_column width=&#8221;1\/3&#8243;][vc_column_text css=&#8221;&#8221;]<\/p>\n<h3>Altri servizi informatici<\/h3>\n<ul>\n<li>Consulenza I.T.<\/li>\n<li>Linux \/ MacOS \/ Hackintosh<\/li>\n<li>Acquisto Portatile<\/li>\n<li>Backup dei dati<\/li>\n<li>Soppressione di virus<\/li>\n<li>Installazione hardware<\/li>\n<li>Miglioramento della prima Xbox<\/li>\n<li>Lan<\/li>\n<\/ul>\n<p>[\/vc_column_text][\/vc_column][\/vc_row]<\/p>\n<\/div>","protected":false},"excerpt":{"rendered":"<p>[vc_row][vc_column][vc_column_text css=&#8221;&#8221;] Supporto IT e risoluzione dei problemi di computer a Chamonix, Meg\u00e8ve e Sallanches [\/vc_column_text][\/vc_column][\/vc_row][vc_row][vc_column][vc_column_text css=&#8221;&#8221;] Easyclix, il fornitore di servizi per tutte le risoluzione dei problemi IT su<\/p>\n","protected":false},"author":1,"featured_media":0,"parent":855,"menu_order":0,"comment_status":"closed","ping_status":"closed","template":"","meta":{"footnotes":""},"class_list":["post-882","page","type-page","status-publish","hentry"],"yoast_head":"<!-- This site is optimized with the Yoast SEO plugin v27.2 - https:\/\/yoast.com\/product\/yoast-seo-wordpress\/ -->\n<title>Supporto IT a Chamonix, Meg\u00e8ve e Sallanches - Easyclix<\/title>\n<meta name=\"robots\" content=\"index, follow, max-snippet:-1, max-image-preview:large, max-video-preview:-1\" \/>\n<link rel=\"canonical\" href=\"https:\/\/www.easyclix.fr\/it\/chamonix-megeve-sallanches\/supporto-it\/\" \/>\n<meta property=\"og:locale\" content=\"it_IT\" \/>\n<meta property=\"og:type\" content=\"article\" \/>\n<meta property=\"og:title\" content=\"Supporto IT a Chamonix, Meg\u00e8ve e Sallanches - Easyclix\" \/>\n<meta property=\"og:description\" content=\"[vc_row][vc_column][vc_column_text css=&#8221;&#8221;] Supporto IT e risoluzione dei problemi di computer a Chamonix, Meg\u00e8ve e Sallanches [\/vc_column_text][\/vc_column][\/vc_row][vc_row][vc_column][vc_column_text css=&#8221;&#8221;] Easyclix, il fornitore di servizi per tutte le risoluzione dei problemi IT su\" \/>\n<meta property=\"og:url\" content=\"https:\/\/www.easyclix.fr\/it\/chamonix-megeve-sallanches\/supporto-it\/\" \/>\n<meta property=\"og:site_name\" content=\"Easyclix\" \/>\n<meta property=\"article:publisher\" content=\"https:\/\/www.facebook.com\/eurl.easyclix\" \/>\n<meta property=\"article:modified_time\" content=\"2024-08-02T19:14:55+00:00\" \/>\n<meta name=\"twitter:card\" content=\"summary_large_image\" \/>\n<meta name=\"twitter:label1\" content=\"Tempo di lettura stimato\" \/>\n\t<meta name=\"twitter:data1\" content=\"4 minuti\" \/>\n<script type=\"application\/ld+json\" class=\"yoast-schema-graph\">{\"@context\":\"https:\/\/schema.org\",\"@graph\":[{\"@type\":\"WebPage\",\"@id\":\"https:\/\/www.easyclix.fr\/it\/chamonix-megeve-sallanches\/supporto-it\/\",\"url\":\"https:\/\/www.easyclix.fr\/it\/chamonix-megeve-sallanches\/supporto-it\/\",\"name\":\"Supporto IT a Chamonix, Meg\u00e8ve e Sallanches - Easyclix\",\"isPartOf\":{\"@id\":\"https:\/\/www.easyclix.fr\/it\/#website\"},\"datePublished\":\"2016-11-29T10:26:43+00:00\",\"dateModified\":\"2024-08-02T19:14:55+00:00\",\"breadcrumb\":{\"@id\":\"https:\/\/www.easyclix.fr\/it\/chamonix-megeve-sallanches\/supporto-it\/#breadcrumb\"},\"inLanguage\":\"it-IT\",\"potentialAction\":[{\"@type\":\"ReadAction\",\"target\":[\"https:\/\/www.easyclix.fr\/it\/chamonix-megeve-sallanches\/supporto-it\/\"]}]},{\"@type\":\"BreadcrumbList\",\"@id\":\"https:\/\/www.easyclix.fr\/it\/chamonix-megeve-sallanches\/supporto-it\/#breadcrumb\",\"itemListElement\":[{\"@type\":\"ListItem\",\"position\":1,\"name\":\"Accueil\",\"item\":\"https:\/\/www.easyclix.fr\/it\/\"},{\"@type\":\"ListItem\",\"position\":2,\"name\":\"Chamonix\",\"item\":\"https:\/\/www.easyclix.fr\/it\/chamonix\/\"},{\"@type\":\"ListItem\",\"position\":3,\"name\":\"Supporto IT a Chamonix, Meg\u00e8ve e Sallanches\"}]},{\"@type\":\"WebSite\",\"@id\":\"https:\/\/www.easyclix.fr\/it\/#website\",\"url\":\"https:\/\/www.easyclix.fr\/it\/\",\"name\":\"Easyclix\",\"description\":\"\",\"publisher\":{\"@id\":\"https:\/\/www.easyclix.fr\/it\/#organization\"},\"potentialAction\":[{\"@type\":\"SearchAction\",\"target\":{\"@type\":\"EntryPoint\",\"urlTemplate\":\"https:\/\/www.easyclix.fr\/it\/?s={search_term_string}\"},\"query-input\":{\"@type\":\"PropertyValueSpecification\",\"valueRequired\":true,\"valueName\":\"search_term_string\"}}],\"inLanguage\":\"it-IT\"},{\"@type\":\"Organization\",\"@id\":\"https:\/\/www.easyclix.fr\/it\/#organization\",\"name\":\"Easyclix\",\"url\":\"https:\/\/www.easyclix.fr\/it\/\",\"logo\":{\"@type\":\"ImageObject\",\"inLanguage\":\"it-IT\",\"@id\":\"https:\/\/www.easyclix.fr\/it\/#\/schema\/logo\/image\/\",\"url\":\"https:\/\/www.easyclix.fr\/wp-content\/uploads\/2016\/12\/logo-easyclix.jpg\",\"contentUrl\":\"https:\/\/www.easyclix.fr\/wp-content\/uploads\/2016\/12\/logo-easyclix.jpg\",\"width\":162,\"height\":95,\"caption\":\"Easyclix\"},\"image\":{\"@id\":\"https:\/\/www.easyclix.fr\/it\/#\/schema\/logo\/image\/\"},\"sameAs\":[\"https:\/\/www.facebook.com\/eurl.easyclix\",\"https:\/\/www.linkedin.com\/company\/easyclix\/\"]}]}<\/script>\n<!-- \/ Yoast SEO plugin. -->","yoast_head_json":{"title":"Supporto IT a Chamonix, Meg\u00e8ve e Sallanches - Easyclix","robots":{"index":"index","follow":"follow","max-snippet":"max-snippet:-1","max-image-preview":"max-image-preview:large","max-video-preview":"max-video-preview:-1"},"canonical":"https:\/\/www.easyclix.fr\/it\/chamonix-megeve-sallanches\/supporto-it\/","og_locale":"it_IT","og_type":"article","og_title":"Supporto IT a Chamonix, Meg\u00e8ve e Sallanches - Easyclix","og_description":"[vc_row][vc_column][vc_column_text css=&#8221;&#8221;] Supporto IT e risoluzione dei problemi di computer a Chamonix, Meg\u00e8ve e Sallanches [\/vc_column_text][\/vc_column][\/vc_row][vc_row][vc_column][vc_column_text css=&#8221;&#8221;] Easyclix, il fornitore di servizi per tutte le risoluzione dei problemi IT su","og_url":"https:\/\/www.easyclix.fr\/it\/chamonix-megeve-sallanches\/supporto-it\/","og_site_name":"Easyclix","article_publisher":"https:\/\/www.facebook.com\/eurl.easyclix","article_modified_time":"2024-08-02T19:14:55+00:00","twitter_card":"summary_large_image","twitter_misc":{"Tempo di lettura stimato":"4 minuti"},"schema":{"@context":"https:\/\/schema.org","@graph":[{"@type":"WebPage","@id":"https:\/\/www.easyclix.fr\/it\/chamonix-megeve-sallanches\/supporto-it\/","url":"https:\/\/www.easyclix.fr\/it\/chamonix-megeve-sallanches\/supporto-it\/","name":"Supporto IT a Chamonix, Meg\u00e8ve e Sallanches - Easyclix","isPartOf":{"@id":"https:\/\/www.easyclix.fr\/it\/#website"},"datePublished":"2016-11-29T10:26:43+00:00","dateModified":"2024-08-02T19:14:55+00:00","breadcrumb":{"@id":"https:\/\/www.easyclix.fr\/it\/chamonix-megeve-sallanches\/supporto-it\/#breadcrumb"},"inLanguage":"it-IT","potentialAction":[{"@type":"ReadAction","target":["https:\/\/www.easyclix.fr\/it\/chamonix-megeve-sallanches\/supporto-it\/"]}]},{"@type":"BreadcrumbList","@id":"https:\/\/www.easyclix.fr\/it\/chamonix-megeve-sallanches\/supporto-it\/#breadcrumb","itemListElement":[{"@type":"ListItem","position":1,"name":"Accueil","item":"https:\/\/www.easyclix.fr\/it\/"},{"@type":"ListItem","position":2,"name":"Chamonix","item":"https:\/\/www.easyclix.fr\/it\/chamonix\/"},{"@type":"ListItem","position":3,"name":"Supporto IT a Chamonix, Meg\u00e8ve e Sallanches"}]},{"@type":"WebSite","@id":"https:\/\/www.easyclix.fr\/it\/#website","url":"https:\/\/www.easyclix.fr\/it\/","name":"Easyclix","description":"","publisher":{"@id":"https:\/\/www.easyclix.fr\/it\/#organization"},"potentialAction":[{"@type":"SearchAction","target":{"@type":"EntryPoint","urlTemplate":"https:\/\/www.easyclix.fr\/it\/?s={search_term_string}"},"query-input":{"@type":"PropertyValueSpecification","valueRequired":true,"valueName":"search_term_string"}}],"inLanguage":"it-IT"},{"@type":"Organization","@id":"https:\/\/www.easyclix.fr\/it\/#organization","name":"Easyclix","url":"https:\/\/www.easyclix.fr\/it\/","logo":{"@type":"ImageObject","inLanguage":"it-IT","@id":"https:\/\/www.easyclix.fr\/it\/#\/schema\/logo\/image\/","url":"https:\/\/www.easyclix.fr\/wp-content\/uploads\/2016\/12\/logo-easyclix.jpg","contentUrl":"https:\/\/www.easyclix.fr\/wp-content\/uploads\/2016\/12\/logo-easyclix.jpg","width":162,"height":95,"caption":"Easyclix"},"image":{"@id":"https:\/\/www.easyclix.fr\/it\/#\/schema\/logo\/image\/"},"sameAs":["https:\/\/www.facebook.com\/eurl.easyclix","https:\/\/www.linkedin.com\/company\/easyclix\/"]}]}},"_links":{"self":[{"href":"https:\/\/www.easyclix.fr\/it\/wp-json\/wp\/v2\/pages\/882","targetHints":{"allow":["GET"]}}],"collection":[{"href":"https:\/\/www.easyclix.fr\/it\/wp-json\/wp\/v2\/pages"}],"about":[{"href":"https:\/\/www.easyclix.fr\/it\/wp-json\/wp\/v2\/types\/page"}],"author":[{"embeddable":true,"href":"https:\/\/www.easyclix.fr\/it\/wp-json\/wp\/v2\/users\/1"}],"replies":[{"embeddable":true,"href":"https:\/\/www.easyclix.fr\/it\/wp-json\/wp\/v2\/comments?post=882"}],"version-history":[{"count":9,"href":"https:\/\/www.easyclix.fr\/it\/wp-json\/wp\/v2\/pages\/882\/revisions"}],"predecessor-version":[{"id":20417,"href":"https:\/\/www.easyclix.fr\/it\/wp-json\/wp\/v2\/pages\/882\/revisions\/20417"}],"up":[{"embeddable":true,"href":"https:\/\/www.easyclix.fr\/it\/wp-json\/wp\/v2\/pages\/855"}],"wp:attachment":[{"href":"https:\/\/www.easyclix.fr\/it\/wp-json\/wp\/v2\/media?parent=882"}],"curies":[{"name":"wp","href":"https:\/\/api.w.org\/{rel}","templated":true}]}}