{"id":952,"date":"2016-12-28T11:55:15","date_gmt":"2016-12-28T10:55:15","guid":{"rendered":"https:\/\/www.easyclix.fr\/?page_id=952\/"},"modified":"2017-01-21T10:07:46","modified_gmt":"2017-01-21T09:07:46","slug":"contatto","status":"publish","type":"page","link":"https:\/\/www.easyclix.fr\/it\/contatto\/","title":{"rendered":"Contatto"},"content":{"rendered":"<div class=\"wpb-content-wrapper\"><p>[vc_row][vc_column][vc_column_text]La soci\u00e9t\u00e9 Easyclix, services en informatique, poss\u00e8de son local principal sur Chamonix, mais <strong>se d\u00e9place sur les communes de Passy, Sallanches et Combloux<\/strong> sur RDV pour du d\u00e9pannage informatique, de la r\u00e9paration d&#8217;ordinateurs type PC et Mac, et pour tous autres services informatiques sur ce secteur.<\/p>\n<p>Si votre d\u00e9pannage informatique s&#8217;av\u00e8re important, vous pouvez toujours nous apporter votre ordinateur directement dans notre atelier de Chamonix, merci\u00a0 de nous contacter auparavant pour annoncer votre venue.<\/p>\n<p>[\/vc_column_text][\/vc_column][\/vc_row][vc_row][vc_column width=&#8221;1\/2&#8243;][vc_column_text]<\/p>\n<h2>Zone de Chalandise d&#8217;Easyclix<\/h2>\n<p>Intervention sur les communes de Vallorcine, Argenti\u00e8re, Chamonix, Les Houches, Servoz, <strong>Passy<\/strong>, <strong>Sallanches<\/strong>, <strong>Combloux<\/strong>, Meg\u00e8ve, Praz sur Arly.<\/p>\n<p><img loading=\"lazy\" decoding=\"async\" class=\"alignnone size-medium wp-image-1685\" src=\"https:\/\/www.easyclix.fr\/wp-content\/uploads\/2016\/11\/zone-chalandise-informaticien-sallanches-combloux-300x237.png\" alt=\"zone-chalandise-informaticien-sallanches-combloux\" width=\"300\" height=\"237\" srcset=\"https:\/\/www.easyclix.fr\/wp-content\/uploads\/2016\/11\/zone-chalandise-informaticien-sallanches-combloux-300x237.png 300w, https:\/\/www.easyclix.fr\/wp-content\/uploads\/2016\/11\/zone-chalandise-informaticien-sallanches-combloux.png 385w\" sizes=\"auto, (max-width: 300px) 100vw, 300px\" \/>[\/vc_column_text][\/vc_column][vc_column width=&#8221;1\/2&#8243;][\/vc_column][\/vc_row]<\/p>\n<\/div>","protected":false},"excerpt":{"rendered":"<p>[vc_row][vc_column][vc_column_text]La soci\u00e9t\u00e9 Easyclix, services en informatique, poss\u00e8de son local principal sur Chamonix, mais se d\u00e9place sur les communes de Passy, Sallanches et Combloux sur RDV pour du d\u00e9pannage informatique, de<\/p>\n","protected":false},"author":1,"featured_media":0,"parent":0,"menu_order":0,"comment_status":"closed","ping_status":"closed","template":"","meta":{"footnotes":""},"class_list":["post-952","page","type-page","status-publish","hentry"],"yoast_head":"<!-- This site is optimized with the Yoast SEO plugin v27.5 - https:\/\/yoast.com\/product\/yoast-seo-wordpress\/ -->\n<title>Contatto - Easyclix<\/title>\n<meta name=\"robots\" content=\"index, follow, max-snippet:-1, max-image-preview:large, max-video-preview:-1\" \/>\n<link rel=\"canonical\" href=\"https:\/\/www.easyclix.fr\/it\/contatto\/\" \/>\n<meta property=\"og:locale\" content=\"it_IT\" \/>\n<meta property=\"og:type\" content=\"article\" \/>\n<meta property=\"og:title\" content=\"Contatto - Easyclix\" \/>\n<meta property=\"og:description\" content=\"[vc_row][vc_column][vc_column_text]La soci\u00e9t\u00e9 Easyclix, services en informatique, poss\u00e8de son local principal sur Chamonix, mais se d\u00e9place sur les communes de Passy, Sallanches et Combloux sur RDV pour du d\u00e9pannage informatique, de\" \/>\n<meta property=\"og:url\" content=\"https:\/\/www.easyclix.fr\/it\/contatto\/\" \/>\n<meta property=\"og:site_name\" content=\"Easyclix\" \/>\n<meta property=\"article:publisher\" content=\"https:\/\/www.facebook.com\/eurl.easyclix\" \/>\n<meta property=\"article:modified_time\" content=\"2017-01-21T09:07:46+00:00\" \/>\n<meta property=\"og:image\" content=\"https:\/\/www.easyclix.fr\/wp-content\/uploads\/2016\/11\/zone-chalandise-informaticien-sallanches-combloux-300x237.png\" \/>\n<meta name=\"twitter:card\" content=\"summary_large_image\" \/>\n<meta name=\"twitter:label1\" content=\"Tempo di lettura stimato\" \/>\n\t<meta name=\"twitter:data1\" content=\"1 minuto\" \/>\n<script type=\"application\/ld+json\" class=\"yoast-schema-graph\">{\"@context\":\"https:\\\/\\\/schema.org\",\"@graph\":[{\"@type\":\"WebPage\",\"@id\":\"https:\\\/\\\/www.easyclix.fr\\\/it\\\/contatto\\\/\",\"url\":\"https:\\\/\\\/www.easyclix.fr\\\/it\\\/contatto\\\/\",\"name\":\"Contatto - Easyclix\",\"isPartOf\":{\"@id\":\"https:\\\/\\\/www.easyclix.fr\\\/it\\\/#website\"},\"primaryImageOfPage\":{\"@id\":\"https:\\\/\\\/www.easyclix.fr\\\/it\\\/contatto\\\/#primaryimage\"},\"image\":{\"@id\":\"https:\\\/\\\/www.easyclix.fr\\\/it\\\/contatto\\\/#primaryimage\"},\"thumbnailUrl\":\"https:\\\/\\\/www.easyclix.fr\\\/wp-content\\\/uploads\\\/2016\\\/11\\\/zone-chalandise-informaticien-sallanches-combloux-300x237.png\",\"datePublished\":\"2016-12-28T10:55:15+00:00\",\"dateModified\":\"2017-01-21T09:07:46+00:00\",\"breadcrumb\":{\"@id\":\"https:\\\/\\\/www.easyclix.fr\\\/it\\\/contatto\\\/#breadcrumb\"},\"inLanguage\":\"it-IT\",\"potentialAction\":[{\"@type\":\"ReadAction\",\"target\":[\"https:\\\/\\\/www.easyclix.fr\\\/it\\\/contatto\\\/\"]}]},{\"@type\":\"ImageObject\",\"inLanguage\":\"it-IT\",\"@id\":\"https:\\\/\\\/www.easyclix.fr\\\/it\\\/contatto\\\/#primaryimage\",\"url\":\"https:\\\/\\\/www.easyclix.fr\\\/wp-content\\\/uploads\\\/2016\\\/11\\\/zone-chalandise-informaticien-sallanches-combloux-300x237.png\",\"contentUrl\":\"https:\\\/\\\/www.easyclix.fr\\\/wp-content\\\/uploads\\\/2016\\\/11\\\/zone-chalandise-informaticien-sallanches-combloux-300x237.png\"},{\"@type\":\"BreadcrumbList\",\"@id\":\"https:\\\/\\\/www.easyclix.fr\\\/it\\\/contatto\\\/#breadcrumb\",\"itemListElement\":[{\"@type\":\"ListItem\",\"position\":1,\"name\":\"Accueil\",\"item\":\"https:\\\/\\\/www.easyclix.fr\\\/it\\\/\"},{\"@type\":\"ListItem\",\"position\":2,\"name\":\"Contatto\"}]},{\"@type\":\"WebSite\",\"@id\":\"https:\\\/\\\/www.easyclix.fr\\\/it\\\/#website\",\"url\":\"https:\\\/\\\/www.easyclix.fr\\\/it\\\/\",\"name\":\"Easyclix\",\"description\":\"\",\"publisher\":{\"@id\":\"https:\\\/\\\/www.easyclix.fr\\\/it\\\/#organization\"},\"potentialAction\":[{\"@type\":\"SearchAction\",\"target\":{\"@type\":\"EntryPoint\",\"urlTemplate\":\"https:\\\/\\\/www.easyclix.fr\\\/it\\\/?s={search_term_string}\"},\"query-input\":{\"@type\":\"PropertyValueSpecification\",\"valueRequired\":true,\"valueName\":\"search_term_string\"}}],\"inLanguage\":\"it-IT\"},{\"@type\":\"Organization\",\"@id\":\"https:\\\/\\\/www.easyclix.fr\\\/it\\\/#organization\",\"name\":\"Easyclix\",\"url\":\"https:\\\/\\\/www.easyclix.fr\\\/it\\\/\",\"logo\":{\"@type\":\"ImageObject\",\"inLanguage\":\"it-IT\",\"@id\":\"https:\\\/\\\/www.easyclix.fr\\\/it\\\/#\\\/schema\\\/logo\\\/image\\\/\",\"url\":\"https:\\\/\\\/www.easyclix.fr\\\/wp-content\\\/uploads\\\/2016\\\/12\\\/logo-easyclix.jpg\",\"contentUrl\":\"https:\\\/\\\/www.easyclix.fr\\\/wp-content\\\/uploads\\\/2016\\\/12\\\/logo-easyclix.jpg\",\"width\":162,\"height\":95,\"caption\":\"Easyclix\"},\"image\":{\"@id\":\"https:\\\/\\\/www.easyclix.fr\\\/it\\\/#\\\/schema\\\/logo\\\/image\\\/\"},\"sameAs\":[\"https:\\\/\\\/www.facebook.com\\\/eurl.easyclix\",\"https:\\\/\\\/www.linkedin.com\\\/company\\\/easyclix\\\/\"]}]}<\/script>\n<!-- \/ Yoast SEO plugin. -->","yoast_head_json":{"title":"Contatto - Easyclix","robots":{"index":"index","follow":"follow","max-snippet":"max-snippet:-1","max-image-preview":"max-image-preview:large","max-video-preview":"max-video-preview:-1"},"canonical":"https:\/\/www.easyclix.fr\/it\/contatto\/","og_locale":"it_IT","og_type":"article","og_title":"Contatto - Easyclix","og_description":"[vc_row][vc_column][vc_column_text]La soci\u00e9t\u00e9 Easyclix, services en informatique, poss\u00e8de son local principal sur Chamonix, mais se d\u00e9place sur les communes de Passy, Sallanches et Combloux sur RDV pour du d\u00e9pannage informatique, de","og_url":"https:\/\/www.easyclix.fr\/it\/contatto\/","og_site_name":"Easyclix","article_publisher":"https:\/\/www.facebook.com\/eurl.easyclix","article_modified_time":"2017-01-21T09:07:46+00:00","og_image":[{"url":"https:\/\/www.easyclix.fr\/wp-content\/uploads\/2016\/11\/zone-chalandise-informaticien-sallanches-combloux-300x237.png","type":"","width":"","height":""}],"twitter_card":"summary_large_image","twitter_misc":{"Tempo di lettura stimato":"1 minuto"},"schema":{"@context":"https:\/\/schema.org","@graph":[{"@type":"WebPage","@id":"https:\/\/www.easyclix.fr\/it\/contatto\/","url":"https:\/\/www.easyclix.fr\/it\/contatto\/","name":"Contatto - Easyclix","isPartOf":{"@id":"https:\/\/www.easyclix.fr\/it\/#website"},"primaryImageOfPage":{"@id":"https:\/\/www.easyclix.fr\/it\/contatto\/#primaryimage"},"image":{"@id":"https:\/\/www.easyclix.fr\/it\/contatto\/#primaryimage"},"thumbnailUrl":"https:\/\/www.easyclix.fr\/wp-content\/uploads\/2016\/11\/zone-chalandise-informaticien-sallanches-combloux-300x237.png","datePublished":"2016-12-28T10:55:15+00:00","dateModified":"2017-01-21T09:07:46+00:00","breadcrumb":{"@id":"https:\/\/www.easyclix.fr\/it\/contatto\/#breadcrumb"},"inLanguage":"it-IT","potentialAction":[{"@type":"ReadAction","target":["https:\/\/www.easyclix.fr\/it\/contatto\/"]}]},{"@type":"ImageObject","inLanguage":"it-IT","@id":"https:\/\/www.easyclix.fr\/it\/contatto\/#primaryimage","url":"https:\/\/www.easyclix.fr\/wp-content\/uploads\/2016\/11\/zone-chalandise-informaticien-sallanches-combloux-300x237.png","contentUrl":"https:\/\/www.easyclix.fr\/wp-content\/uploads\/2016\/11\/zone-chalandise-informaticien-sallanches-combloux-300x237.png"},{"@type":"BreadcrumbList","@id":"https:\/\/www.easyclix.fr\/it\/contatto\/#breadcrumb","itemListElement":[{"@type":"ListItem","position":1,"name":"Accueil","item":"https:\/\/www.easyclix.fr\/it\/"},{"@type":"ListItem","position":2,"name":"Contatto"}]},{"@type":"WebSite","@id":"https:\/\/www.easyclix.fr\/it\/#website","url":"https:\/\/www.easyclix.fr\/it\/","name":"Easyclix","description":"","publisher":{"@id":"https:\/\/www.easyclix.fr\/it\/#organization"},"potentialAction":[{"@type":"SearchAction","target":{"@type":"EntryPoint","urlTemplate":"https:\/\/www.easyclix.fr\/it\/?s={search_term_string}"},"query-input":{"@type":"PropertyValueSpecification","valueRequired":true,"valueName":"search_term_string"}}],"inLanguage":"it-IT"},{"@type":"Organization","@id":"https:\/\/www.easyclix.fr\/it\/#organization","name":"Easyclix","url":"https:\/\/www.easyclix.fr\/it\/","logo":{"@type":"ImageObject","inLanguage":"it-IT","@id":"https:\/\/www.easyclix.fr\/it\/#\/schema\/logo\/image\/","url":"https:\/\/www.easyclix.fr\/wp-content\/uploads\/2016\/12\/logo-easyclix.jpg","contentUrl":"https:\/\/www.easyclix.fr\/wp-content\/uploads\/2016\/12\/logo-easyclix.jpg","width":162,"height":95,"caption":"Easyclix"},"image":{"@id":"https:\/\/www.easyclix.fr\/it\/#\/schema\/logo\/image\/"},"sameAs":["https:\/\/www.facebook.com\/eurl.easyclix","https:\/\/www.linkedin.com\/company\/easyclix\/"]}]}},"_links":{"self":[{"href":"https:\/\/www.easyclix.fr\/it\/wp-json\/wp\/v2\/pages\/952","targetHints":{"allow":["GET"]}}],"collection":[{"href":"https:\/\/www.easyclix.fr\/it\/wp-json\/wp\/v2\/pages"}],"about":[{"href":"https:\/\/www.easyclix.fr\/it\/wp-json\/wp\/v2\/types\/page"}],"author":[{"embeddable":true,"href":"https:\/\/www.easyclix.fr\/it\/wp-json\/wp\/v2\/users\/1"}],"replies":[{"embeddable":true,"href":"https:\/\/www.easyclix.fr\/it\/wp-json\/wp\/v2\/comments?post=952"}],"version-history":[{"count":2,"href":"https:\/\/www.easyclix.fr\/it\/wp-json\/wp\/v2\/pages\/952\/revisions"}],"predecessor-version":[{"id":1689,"href":"https:\/\/www.easyclix.fr\/it\/wp-json\/wp\/v2\/pages\/952\/revisions\/1689"}],"wp:attachment":[{"href":"https:\/\/www.easyclix.fr\/it\/wp-json\/wp\/v2\/media?parent=952"}],"curies":[{"name":"wp","href":"https:\/\/api.w.org\/{rel}","templated":true}]}}